{"id":30780,"date":"2026-01-02T09:02:09","date_gmt":"2026-01-02T08:02:09","guid":{"rendered":"https:\/\/amtest-group.com\/product\/mstech-4\/"},"modified":"2026-01-29T09:43:14","modified_gmt":"2026-01-29T08:43:14","slug":"mstech-4","status":"publish","type":"product","link":"https:\/\/amtest-group.com\/pl\/product\/mstech-4\/","title":{"rendered":"MSTech"},"content":{"rendered":"<p><strong>MSTECH<\/strong>, za\u0142o\u017cona w 1996 roku, jest jednym z pionier\u00f3w w dziedzinie automatyzacji oraz system\u00f3w inspekcyjnych dla globalnego przemys\u0142u elektronicznego.<\/p>\n<p>Dzi\u0119ki ponad dwudziestoletniemu do\u015bwiadczeniu technologicznemu firma oferuje zaawansowane systemy inspekcji pow\u0142ok konforemnych (conformal coating), zaprojektowane w celu zapewnienia pe\u0142nego pokrycia, precyzyjnej kontroli grubo\u015bci oraz eliminacji defekt\u00f3w powierzchniowych.<\/p>\n","protected":false},"excerpt":{"rendered":"<p>MSTECH, za\u0142o\u017cona w 1996 roku, jest jednym z pionier\u00f3w w dziedzinie automatyzacji oraz system\u00f3w inspekcyjnych dla globalnego przemys\u0142u elektronicznego. Dzi\u0119ki ponad dwudziestoletniemu do\u015bwiadczeniu technologicznemu firma oferuje zaawansowane systemy inspekcji pow\u0142ok konforemnych (conformal coating), zaprojektowane w celu zapewnienia pe\u0142nego pokrycia, precyzyjnej kontroli grubo\u015bci oraz eliminacji defekt\u00f3w powierzchniowych.<\/p>\n","protected":false},"featured_media":0,"parent":0,"menu_order":0,"template":"template-product.php","meta":{"_uf_show_specific_survey":0,"_uf_disable_surveys":false},"categories":[342,330],"class_list":["post-30780","product","type-product","status-publish","hentry","category-aci-powlok-konforemnych","category-inspekcja-optyczna"],"aioseo_notices":[],"_links":{"self":[{"href":"https:\/\/amtest-group.com\/pl\/wp-json\/wp\/v2\/product\/30780","targetHints":{"allow":["GET"]}}],"collection":[{"href":"https:\/\/amtest-group.com\/pl\/wp-json\/wp\/v2\/product"}],"about":[{"href":"https:\/\/amtest-group.com\/pl\/wp-json\/wp\/v2\/types\/product"}],"wp:attachment":[{"href":"https:\/\/amtest-group.com\/pl\/wp-json\/wp\/v2\/media?parent=30780"}],"wp:term":[{"taxonomy":"category","embeddable":true,"href":"https:\/\/amtest-group.com\/pl\/wp-json\/wp\/v2\/categories?post=30780"}],"curies":[{"name":"wp","href":"https:\/\/api.w.org\/{rel}","templated":true}]}}