{"id":289,"date":"2023-04-19T12:28:07","date_gmt":"2023-04-19T10:28:07","guid":{"rendered":"https:\/\/amtest.virtus3-projekti.com\/?post_type=product&#038;p=289"},"modified":"2023-05-25T16:18:21","modified_gmt":"2023-05-25T14:18:21","slug":"qualitek","status":"publish","type":"product","link":"https:\/\/amtest-group.com\/pl\/product\/qualitek\/","title":{"rendered":"Qualitek"},"content":{"rendered":"<p><b>Qualitek<\/b><span style=\"font-weight: 400;\"> posiada ponad 40 lat do\u015bwiadczenia i jest dostawc\u0105 najbardziej nowoczesnych produkt\u00f3w lutowniczych na skal\u0119 \u015bwiatow\u0105.\u00a0<\/span><\/p>\n<p><span style=\"font-weight: 400;\">Za\u0142o\u017cona w 1980 roku firma <\/span><b>Qualitek<\/b><span style=\"font-weight: 400;\"> zajmuje si\u0119 produktami marek Delta\u00ae i Qualitek\u00ae, znanymi z wysokiej jako\u015bci i doskona\u0142ych parametr\u00f3w. <\/span><\/p>\n","protected":false},"excerpt":{"rendered":"<p>Qualitek posiada ponad 40 lat do\u015bwiadczenia i jest dostawc\u0105 najbardziej nowoczesnych produkt\u00f3w lutowniczych na skal\u0119 \u015bwiatow\u0105.\u00a0 Za\u0142o\u017cona w 1980 roku firma Qualitek zajmuje si\u0119 produktami marek Delta\u00ae i Qualitek\u00ae, znanymi z wysokiej jako\u015bci i doskona\u0142ych parametr\u00f3w.<\/p>\n","protected":false},"featured_media":0,"parent":0,"menu_order":0,"template":"template-product.php","meta":{"_uf_show_specific_survey":0,"_uf_disable_surveys":false},"categories":[184],"class_list":["post-289","product","type-product","status-publish","hentry","category-materialy-konsumpcyjne"],"aioseo_notices":[],"_links":{"self":[{"href":"https:\/\/amtest-group.com\/pl\/wp-json\/wp\/v2\/product\/289","targetHints":{"allow":["GET"]}}],"collection":[{"href":"https:\/\/amtest-group.com\/pl\/wp-json\/wp\/v2\/product"}],"about":[{"href":"https:\/\/amtest-group.com\/pl\/wp-json\/wp\/v2\/types\/product"}],"wp:attachment":[{"href":"https:\/\/amtest-group.com\/pl\/wp-json\/wp\/v2\/media?parent=289"}],"wp:term":[{"taxonomy":"category","embeddable":true,"href":"https:\/\/amtest-group.com\/pl\/wp-json\/wp\/v2\/categories?post=289"}],"curies":[{"name":"wp","href":"https:\/\/api.w.org\/{rel}","templated":true}]}}