{"id":288,"date":"2023-04-19T12:27:29","date_gmt":"2023-04-19T10:27:29","guid":{"rendered":"https:\/\/amtest.virtus3-projekti.com\/?post_type=product&#038;p=288"},"modified":"2023-05-25T12:54:53","modified_gmt":"2023-05-25T10:54:53","slug":"bluiris-fai","status":"publish","type":"product","link":"https:\/\/amtest-group.com\/pl\/product\/bluiris-fai\/","title":{"rendered":"Bluiris (FAI)"},"content":{"rendered":"<p><span style=\"font-weight: 400;\">Shenzhen <\/span><b>Bluiris<\/b><span style=\"font-weight: 400;\"><strong> technology Co<\/strong>., Ltd. jest wiod\u0105cym dostawc\u0105 system\u00f3w wizyjnych maszyn i system\u00f3w do automatycznego testowania.<\/span><\/p>\n","protected":false},"excerpt":{"rendered":"<p>Shenzhen Bluiris technology Co., Ltd. jest wiod\u0105cym dostawc\u0105 system\u00f3w wizyjnych maszyn i system\u00f3w do automatycznego testowania.<\/p>\n","protected":false},"featured_media":0,"parent":0,"menu_order":0,"template":"template-product.php","meta":{"_uf_show_specific_survey":0,"_uf_disable_surveys":false},"categories":[183],"class_list":["post-288","product","type-product","status-publish","hentry","category-testy"],"aioseo_notices":[],"_links":{"self":[{"href":"https:\/\/amtest-group.com\/pl\/wp-json\/wp\/v2\/product\/288","targetHints":{"allow":["GET"]}}],"collection":[{"href":"https:\/\/amtest-group.com\/pl\/wp-json\/wp\/v2\/product"}],"about":[{"href":"https:\/\/amtest-group.com\/pl\/wp-json\/wp\/v2\/types\/product"}],"wp:attachment":[{"href":"https:\/\/amtest-group.com\/pl\/wp-json\/wp\/v2\/media?parent=288"}],"wp:term":[{"taxonomy":"category","embeddable":true,"href":"https:\/\/amtest-group.com\/pl\/wp-json\/wp\/v2\/categories?post=288"}],"curies":[{"name":"wp","href":"https:\/\/api.w.org\/{rel}","templated":true}]}}