{"id":285,"date":"2023-04-19T12:24:50","date_gmt":"2023-04-19T10:24:50","guid":{"rendered":"https:\/\/amtest.virtus3-projekti.com\/?post_type=product&#038;p=285"},"modified":"2023-05-25T16:12:54","modified_gmt":"2023-05-25T14:12:54","slug":"x-treme-series","status":"publish","type":"product","link":"https:\/\/amtest-group.com\/pl\/product\/x-treme-series\/","title":{"rendered":"X-Treme Series"},"content":{"rendered":"<p><b>X-Treme Series<\/b><span style=\"font-weight: 400;\"> &#8211; to firma in\u017cynierska z siedzib\u0105 w Turcji, obecna na rynku od 1987 roku, kt\u00f3ra jest znakiem towarowym EMT Electronics dla szaf osuszaj\u0105cych.\u00a0<\/span><\/p>\n","protected":false},"excerpt":{"rendered":"<p>X-Treme Series &#8211; to firma in\u017cynierska z siedzib\u0105 w Turcji, obecna na rynku od 1987 roku, kt\u00f3ra jest znakiem towarowym EMT Electronics dla szaf osuszaj\u0105cych.\u00a0<\/p>\n","protected":false},"featured_media":0,"parent":0,"menu_order":0,"template":"template-product.php","meta":{"_uf_show_specific_survey":0,"_uf_disable_surveys":false},"categories":[180],"class_list":["post-285","product","type-product","status-publish","hentry","category-przechowywanie-komponentow"],"aioseo_notices":[],"_links":{"self":[{"href":"https:\/\/amtest-group.com\/pl\/wp-json\/wp\/v2\/product\/285","targetHints":{"allow":["GET"]}}],"collection":[{"href":"https:\/\/amtest-group.com\/pl\/wp-json\/wp\/v2\/product"}],"about":[{"href":"https:\/\/amtest-group.com\/pl\/wp-json\/wp\/v2\/types\/product"}],"wp:attachment":[{"href":"https:\/\/amtest-group.com\/pl\/wp-json\/wp\/v2\/media?parent=285"}],"wp:term":[{"taxonomy":"category","embeddable":true,"href":"https:\/\/amtest-group.com\/pl\/wp-json\/wp\/v2\/categories?post=285"}],"curies":[{"name":"wp","href":"https:\/\/api.w.org\/{rel}","templated":true}]}}