{"id":284,"date":"2023-04-19T12:22:54","date_gmt":"2023-04-19T10:22:54","guid":{"rendered":"https:\/\/amtest.virtus3-projekti.com\/?post_type=product&#038;p=284"},"modified":"2023-05-25T14:03:16","modified_gmt":"2023-05-25T12:03:16","slug":"elite-automatic","status":"publish","type":"product","link":"https:\/\/amtest-group.com\/pl\/product\/elite-automatic\/","title":{"rendered":"Elite Automatic"},"content":{"rendered":"<p><b>Elite Automatic Co., Ltd<\/b><span style=\"font-weight: 400;\">, to za\u0142o\u017cona w 1989 roku firma z siedzib\u0105 na Tajwanie, w ci\u0105gu ostatnich 30 lat zdoby\u0142a dobr\u0105 reputacj\u0119 w bran\u017cy SMT.<\/span><\/p>\n<p><b>Elite Automatic<\/b><span style=\"font-weight: 400;\"> to najlepsze rozwi\u0105zanie do depanelizacji PCB z jednostronnym lub dwustronnym rozwi\u0105zaniem offline lub z innowacyjnymi systemami Elite inline.<\/span><\/p>\n","protected":false},"excerpt":{"rendered":"<p>Elite Automatic Co., Ltd, to za\u0142o\u017cona w 1989 roku firma z siedzib\u0105 na Tajwanie, w ci\u0105gu ostatnich 30 lat zdoby\u0142a dobr\u0105 reputacj\u0119 w bran\u017cy SMT. Elite Automatic to najlepsze rozwi\u0105zanie do depanelizacji PCB z jednostronnym lub dwustronnym rozwi\u0105zaniem offline lub z innowacyjnymi systemami Elite inline.<\/p>\n","protected":false},"featured_media":0,"parent":0,"menu_order":0,"template":"template-product.php","meta":{"_uf_show_specific_survey":0,"_uf_disable_surveys":false},"categories":[179],"class_list":["post-284","product","type-product","status-publish","hentry","category-depanelizacja"],"aioseo_notices":[],"_links":{"self":[{"href":"https:\/\/amtest-group.com\/pl\/wp-json\/wp\/v2\/product\/284","targetHints":{"allow":["GET"]}}],"collection":[{"href":"https:\/\/amtest-group.com\/pl\/wp-json\/wp\/v2\/product"}],"about":[{"href":"https:\/\/amtest-group.com\/pl\/wp-json\/wp\/v2\/types\/product"}],"wp:attachment":[{"href":"https:\/\/amtest-group.com\/pl\/wp-json\/wp\/v2\/media?parent=284"}],"wp:term":[{"taxonomy":"category","embeddable":true,"href":"https:\/\/amtest-group.com\/pl\/wp-json\/wp\/v2\/categories?post=284"}],"curies":[{"name":"wp","href":"https:\/\/api.w.org\/{rel}","templated":true}]}}