{"id":282,"date":"2023-04-19T12:20:36","date_gmt":"2023-04-19T10:20:36","guid":{"rendered":"https:\/\/amtest.virtus3-projekti.com\/?post_type=product&#038;p=282"},"modified":"2023-05-25T13:49:29","modified_gmt":"2023-05-25T11:49:29","slug":"e-flex-smt-microsystems","status":"publish","type":"product","link":"https:\/\/amtest-group.com\/pl\/product\/e-flex-smt-microsystems\/","title":{"rendered":"e-Flex SMT Microsystems"},"content":{"rendered":"<p><span style=\"font-weight: 400;\">Firma z siedzib\u0105 w Hongkongu oferuje szeroki zakres standardowych i niestandardowych rozwi\u0105za\u0144 w zakresie obs\u0142ugi p\u0142yt na ca\u0142ym \u015bwiecie. <\/span><\/p>\n<p><b>e-Flex<\/b><span style=\"font-weight: 400;\"> zapewnia rozwi\u0105zania spe\u0142niaj\u0105ce wszelkie potrzeby po bardzo rozs\u0105dnych kosztach, w tym integracj\u0119 naszych kompleksowych rozwi\u0105za\u0144 dla projekt\u00f3w powlekania konformalnego w zakresie produkcji masowej.<\/span><\/p>\n","protected":false},"excerpt":{"rendered":"<p>Firma z siedzib\u0105 w Hongkongu oferuje szeroki zakres standardowych i niestandardowych rozwi\u0105za\u0144 w zakresie obs\u0142ugi p\u0142yt na ca\u0142ym \u015bwiecie. e-Flex zapewnia rozwi\u0105zania spe\u0142niaj\u0105ce wszelkie potrzeby po bardzo rozs\u0105dnych kosztach, w tym integracj\u0119 naszych kompleksowych rozwi\u0105za\u0144 dla projekt\u00f3w powlekania konformalnego w zakresie produkcji masowej.<\/p>\n","protected":false},"featured_media":0,"parent":0,"menu_order":0,"template":"template-product.php","meta":{"_uf_show_specific_survey":0,"_uf_disable_surveys":false},"categories":[177],"class_list":["post-282","product","type-product","status-publish","hentry","category-transport-plytek"],"aioseo_notices":[],"_links":{"self":[{"href":"https:\/\/amtest-group.com\/pl\/wp-json\/wp\/v2\/product\/282","targetHints":{"allow":["GET"]}}],"collection":[{"href":"https:\/\/amtest-group.com\/pl\/wp-json\/wp\/v2\/product"}],"about":[{"href":"https:\/\/amtest-group.com\/pl\/wp-json\/wp\/v2\/types\/product"}],"wp:attachment":[{"href":"https:\/\/amtest-group.com\/pl\/wp-json\/wp\/v2\/media?parent=282"}],"wp:term":[{"taxonomy":"category","embeddable":true,"href":"https:\/\/amtest-group.com\/pl\/wp-json\/wp\/v2\/categories?post=282"}],"curies":[{"name":"wp","href":"https:\/\/api.w.org\/{rel}","templated":true}]}}