{"id":281,"date":"2023-04-19T12:19:49","date_gmt":"2023-04-19T10:19:49","guid":{"rendered":"https:\/\/amtest.virtus3-projekti.com\/?post_type=product&#038;p=281"},"modified":"2024-09-18T13:16:09","modified_gmt":"2024-09-18T11:16:09","slug":"asscon","status":"publish","type":"product","link":"https:\/\/amtest-group.com\/pl\/product\/asscon\/","title":{"rendered":"Asscon"},"content":{"rendered":"<p><b>Asscon<\/b><span style=\"font-weight: 400;\"> to wiod\u0105ca na rynku firma zajmuj\u0105ca si\u0119 lutowaniem w oparach &#8211; z ponad 25-letnim do\u015bwiadczeniem w produkcji w swoim zak\u0142adzie w Niemczech.<\/span><\/p>\n<p><span style=\"font-weight: 400;\">W procesie nagrzewania podzespo\u0142\u00f3w lutowanie w oparach wykorzystuje energi\u0119 ciepln\u0105, emitowan\u0105 w wyniku zmiany fazy no\u015bnika ciep\u0142a ze stanu gazowego na ciek\u0142y.\u00a0<\/span><\/p>\n","protected":false},"excerpt":{"rendered":"<p>Asscon to wiod\u0105ca na rynku firma zajmuj\u0105ca si\u0119 lutowaniem w oparach &#8211; z ponad 25-letnim do\u015bwiadczeniem w produkcji w swoim zak\u0142adzie w Niemczech. W procesie nagrzewania podzespo\u0142\u00f3w lutowanie w oparach wykorzystuje energi\u0119 ciepln\u0105, emitowan\u0105 w wyniku zmiany fazy no\u015bnika ciep\u0142a ze stanu gazowego na ciek\u0142y.\u00a0<\/p>\n","protected":false},"featured_media":0,"parent":0,"menu_order":0,"template":"template-product.php","meta":{"_uf_show_specific_survey":0,"_uf_disable_surveys":false},"categories":[176],"class_list":["post-281","product","type-product","status-publish","hentry","category-lutowanie-kondensacyjne"],"aioseo_notices":[],"_links":{"self":[{"href":"https:\/\/amtest-group.com\/pl\/wp-json\/wp\/v2\/product\/281","targetHints":{"allow":["GET"]}}],"collection":[{"href":"https:\/\/amtest-group.com\/pl\/wp-json\/wp\/v2\/product"}],"about":[{"href":"https:\/\/amtest-group.com\/pl\/wp-json\/wp\/v2\/types\/product"}],"wp:attachment":[{"href":"https:\/\/amtest-group.com\/pl\/wp-json\/wp\/v2\/media?parent=281"}],"wp:term":[{"taxonomy":"category","embeddable":true,"href":"https:\/\/amtest-group.com\/pl\/wp-json\/wp\/v2\/categories?post=281"}],"curies":[{"name":"wp","href":"https:\/\/api.w.org\/{rel}","templated":true}]}}