{"id":278,"date":"2023-04-19T12:16:58","date_gmt":"2023-04-19T10:16:58","guid":{"rendered":"https:\/\/amtest.virtus3-projekti.com\/?post_type=product&#038;p=278"},"modified":"2023-05-25T14:30:44","modified_gmt":"2023-05-25T12:30:44","slug":"exelsius-2","status":"publish","type":"product","link":"https:\/\/amtest-group.com\/pl\/product\/exelsius-2\/","title":{"rendered":"Exelsius"},"content":{"rendered":"<p><span style=\"font-weight: 400;\">Od 1990 r. firma <\/span><b>Exelsius<\/b><span style=\"font-weight: 400;\"> projektuje, produkuje i serwisuje \u015bwiatowej klasy sprz\u0119t dla przemys\u0142u PCBA.<\/span><\/p>\n","protected":false},"excerpt":{"rendered":"<p>Od 1990 r. firma Exelsius projektuje, produkuje i serwisuje \u015bwiatowej klasy sprz\u0119t dla przemys\u0142u PCBA.<\/p>\n","protected":false},"featured_media":0,"parent":0,"menu_order":0,"template":"template-product.php","meta":{"_uf_show_specific_survey":0,"_uf_disable_surveys":false},"categories":[174],"class_list":["post-278","product","type-product","status-publish","hentry","category-lutowanie-konwekcyjne"],"aioseo_notices":[],"_links":{"self":[{"href":"https:\/\/amtest-group.com\/pl\/wp-json\/wp\/v2\/product\/278","targetHints":{"allow":["GET"]}}],"collection":[{"href":"https:\/\/amtest-group.com\/pl\/wp-json\/wp\/v2\/product"}],"about":[{"href":"https:\/\/amtest-group.com\/pl\/wp-json\/wp\/v2\/types\/product"}],"wp:attachment":[{"href":"https:\/\/amtest-group.com\/pl\/wp-json\/wp\/v2\/media?parent=278"}],"wp:term":[{"taxonomy":"category","embeddable":true,"href":"https:\/\/amtest-group.com\/pl\/wp-json\/wp\/v2\/categories?post=278"}],"curies":[{"name":"wp","href":"https:\/\/api.w.org\/{rel}","templated":true}]}}