{"id":276,"date":"2023-04-19T12:15:08","date_gmt":"2023-04-19T10:15:08","guid":{"rendered":"https:\/\/amtest.virtus3-projekti.com\/?post_type=product&#038;p=276"},"modified":"2023-05-25T14:18:40","modified_gmt":"2023-05-25T12:18:40","slug":"ese","status":"publish","type":"product","link":"https:\/\/amtest-group.com\/pl\/product\/ese\/","title":{"rendered":"ESE"},"content":{"rendered":"<p><b>ESE co.<\/b><span style=\"font-weight: 400;\"> to wiod\u0105ca firma z Korei po\u0142udniowej zajmuj\u0105ca si\u0119 projektowaniem i produkcj\u0105 sitodrukarek oraz rozwi\u0105za\u0144 w zakresie technologii monta\u017cu powierzchniowego (SMT) i p\u00f3\u0142przewodnik\u00f3w.\u00a0<\/span><\/p>\n","protected":false},"excerpt":{"rendered":"<p>ESE co. to wiod\u0105ca firma z Korei po\u0142udniowej zajmuj\u0105ca si\u0119 projektowaniem i produkcj\u0105 sitodrukarek oraz rozwi\u0105za\u0144 w zakresie technologii monta\u017cu powierzchniowego (SMT) i p\u00f3\u0142przewodnik\u00f3w.\u00a0<\/p>\n","protected":false},"featured_media":0,"parent":0,"menu_order":0,"template":"template-product.php","meta":{"_uf_show_specific_survey":0,"_uf_disable_surveys":false},"categories":[173],"class_list":["post-276","product","type-product","status-publish","hentry","category-sitodruk"],"aioseo_notices":[],"_links":{"self":[{"href":"https:\/\/amtest-group.com\/pl\/wp-json\/wp\/v2\/product\/276","targetHints":{"allow":["GET"]}}],"collection":[{"href":"https:\/\/amtest-group.com\/pl\/wp-json\/wp\/v2\/product"}],"about":[{"href":"https:\/\/amtest-group.com\/pl\/wp-json\/wp\/v2\/types\/product"}],"wp:attachment":[{"href":"https:\/\/amtest-group.com\/pl\/wp-json\/wp\/v2\/media?parent=276"}],"wp:term":[{"taxonomy":"category","embeddable":true,"href":"https:\/\/amtest-group.com\/pl\/wp-json\/wp\/v2\/categories?post=276"}],"curies":[{"name":"wp","href":"https:\/\/api.w.org\/{rel}","templated":true}]}}