{"id":274,"date":"2023-04-19T11:37:18","date_gmt":"2023-04-19T09:37:18","guid":{"rendered":"https:\/\/amtest.virtus3-projekti.com\/?post_type=product&#038;p=274"},"modified":"2023-05-25T16:31:32","modified_gmt":"2023-05-25T14:31:32","slug":"vj-electronix-3","status":"publish","type":"product","link":"https:\/\/amtest-group.com\/pl\/product\/vj-electronix-3\/","title":{"rendered":"VJ Electronix"},"content":{"rendered":"<p><span style=\"font-weight: 400;\">Od momentu powstania w 2003 r. firma <\/span><b>VJ Electronix<\/b><span style=\"font-weight: 400;\"> po\u015bwi\u0119ci\u0142a ca\u0142y sw\u00f3j potencja\u0142, aby zaj\u0105\u0107 pozycj\u0119 globalnego lidera w zakresie dostawc\u0105 system\u00f3w do napraw dla przemys\u0142u elektronicznego.<\/span><\/p>\n","protected":false},"excerpt":{"rendered":"<p>Od momentu powstania w 2003 r. firma VJ Electronix po\u015bwi\u0119ci\u0142a ca\u0142y sw\u00f3j potencja\u0142, aby zaj\u0105\u0107 pozycj\u0119 globalnego lidera w zakresie dostawc\u0105 system\u00f3w do napraw dla przemys\u0142u elektronicznego.<\/p>\n","protected":false},"featured_media":0,"parent":0,"menu_order":0,"template":"template-product.php","meta":{"_uf_show_specific_survey":0,"_uf_disable_surveys":false},"categories":[171],"class_list":["post-274","product","type-product","status-publish","hentry","category-naprawy"],"aioseo_notices":[],"_links":{"self":[{"href":"https:\/\/amtest-group.com\/pl\/wp-json\/wp\/v2\/product\/274","targetHints":{"allow":["GET"]}}],"collection":[{"href":"https:\/\/amtest-group.com\/pl\/wp-json\/wp\/v2\/product"}],"about":[{"href":"https:\/\/amtest-group.com\/pl\/wp-json\/wp\/v2\/types\/product"}],"wp:attachment":[{"href":"https:\/\/amtest-group.com\/pl\/wp-json\/wp\/v2\/media?parent=274"}],"wp:term":[{"taxonomy":"category","embeddable":true,"href":"https:\/\/amtest-group.com\/pl\/wp-json\/wp\/v2\/categories?post=274"}],"curies":[{"name":"wp","href":"https:\/\/api.w.org\/{rel}","templated":true}]}}