{"id":273,"date":"2023-04-19T11:36:24","date_gmt":"2023-04-19T09:36:24","guid":{"rendered":"https:\/\/amtest.virtus3-projekti.com\/?post_type=product&#038;p=273"},"modified":"2023-05-25T15:02:39","modified_gmt":"2023-05-25T13:02:39","slug":"jbc","status":"publish","type":"product","link":"https:\/\/amtest-group.com\/pl\/product\/jbc\/","title":{"rendered":"JBC"},"content":{"rendered":"<p><b>JBC<\/b><span style=\"font-weight: 400;\"> jest wiod\u0105cym \u015bwiatowym dostawc\u0105 sprz\u0119tu do lutowania r\u0119cznego i naprawy obwod\u00f3w drukowanych. <\/span><\/p>\n<p><span style=\"font-weight: 400;\">Ponad 90 lat do\u015bwiadczenia sprawi\u0142o, \u017ce firma <\/span><b>JBC<\/b><span style=\"font-weight: 400;\"> sta\u0142a si\u0119 liderem w dziedzinie technologii narz\u0119dzi do lutowania i operacji przer\u00f3bczych w elektronice.\u00a0<\/span><\/p>\n","protected":false},"excerpt":{"rendered":"<p>JBC jest wiod\u0105cym \u015bwiatowym dostawc\u0105 sprz\u0119tu do lutowania r\u0119cznego i naprawy obwod\u00f3w drukowanych. Ponad 90 lat do\u015bwiadczenia sprawi\u0142o, \u017ce firma JBC sta\u0142a si\u0119 liderem w dziedzinie technologii narz\u0119dzi do lutowania i operacji przer\u00f3bczych w elektronice.\u00a0<\/p>\n","protected":false},"featured_media":0,"parent":0,"menu_order":0,"template":"template-product.php","meta":{"_uf_show_specific_survey":0,"_uf_disable_surveys":false},"categories":[170],"class_list":["post-273","product","type-product","status-publish","hentry","category-lutowanie-reczne"],"aioseo_notices":[],"_links":{"self":[{"href":"https:\/\/amtest-group.com\/pl\/wp-json\/wp\/v2\/product\/273","targetHints":{"allow":["GET"]}}],"collection":[{"href":"https:\/\/amtest-group.com\/pl\/wp-json\/wp\/v2\/product"}],"about":[{"href":"https:\/\/amtest-group.com\/pl\/wp-json\/wp\/v2\/types\/product"}],"wp:attachment":[{"href":"https:\/\/amtest-group.com\/pl\/wp-json\/wp\/v2\/media?parent=273"}],"wp:term":[{"taxonomy":"category","embeddable":true,"href":"https:\/\/amtest-group.com\/pl\/wp-json\/wp\/v2\/categories?post=273"}],"curies":[{"name":"wp","href":"https:\/\/api.w.org\/{rel}","templated":true}]}}