{"id":271,"date":"2023-04-19T11:33:16","date_gmt":"2023-04-19T09:33:16","guid":{"rendered":"https:\/\/amtest.virtus3-projekti.com\/?post_type=product&#038;p=271"},"modified":"2023-05-25T16:29:08","modified_gmt":"2023-05-25T14:29:08","slug":"vj-electronix-2","status":"publish","type":"product","link":"https:\/\/amtest-group.com\/pl\/product\/vj-electronix-2\/","title":{"rendered":"VJ Electronix"},"content":{"rendered":"<p><span style=\"font-weight: 400;\">Systemy te oferuj\u0105 szereg opcji obrazowania oraz proste procesy manualne lub programowalne. <\/span><\/p>\n<p><span style=\"font-weight: 400;\">Ponadto niestandardowe systemy kontroli s\u0105 dostosowywane specjalnie do wymaga\u0144 produkcyjnych klienta. Wszystkie produkty mo\u017cna \u0142atwo zintegrowa\u0107 z procesem produkcyjnym w celu szybkiego uruchomienia i pracy w trybie 24\/7. Ich wszechstronno\u015b\u0107 i \u0142atwo\u015b\u0107 w u\u017cyciu zapewniaj\u0105 powtarzalne wyniki na wszystkich poziomach personelu produkcyjnego.<\/span><\/p>\n","protected":false},"excerpt":{"rendered":"<p>Systemy te oferuj\u0105 szereg opcji obrazowania oraz proste procesy manualne lub programowalne. Ponadto niestandardowe systemy kontroli s\u0105 dostosowywane specjalnie do wymaga\u0144 produkcyjnych klienta. Wszystkie produkty mo\u017cna \u0142atwo zintegrowa\u0107 z procesem produkcyjnym w celu szybkiego uruchomienia i pracy w trybie 24\/7. Ich wszechstronno\u015b\u0107 i \u0142atwo\u015b\u0107 w u\u017cyciu zapewniaj\u0105 powtarzalne wyniki na wszystkich poziomach personelu produkcyjnego.<\/p>\n","protected":false},"featured_media":0,"parent":0,"menu_order":0,"template":"template-product.php","meta":{"_uf_show_specific_survey":0,"_uf_disable_surveys":false},"categories":[168],"class_list":["post-271","product","type-product","status-publish","hentry","category-inspekcja-x-ray"],"aioseo_notices":[],"_links":{"self":[{"href":"https:\/\/amtest-group.com\/pl\/wp-json\/wp\/v2\/product\/271","targetHints":{"allow":["GET"]}}],"collection":[{"href":"https:\/\/amtest-group.com\/pl\/wp-json\/wp\/v2\/product"}],"about":[{"href":"https:\/\/amtest-group.com\/pl\/wp-json\/wp\/v2\/types\/product"}],"wp:attachment":[{"href":"https:\/\/amtest-group.com\/pl\/wp-json\/wp\/v2\/media?parent=271"}],"wp:term":[{"taxonomy":"category","embeddable":true,"href":"https:\/\/amtest-group.com\/pl\/wp-json\/wp\/v2\/categories?post=271"}],"curies":[{"name":"wp","href":"https:\/\/api.w.org\/{rel}","templated":true}]}}