{"id":270,"date":"2023-04-19T11:27:47","date_gmt":"2023-04-19T09:27:47","guid":{"rendered":"https:\/\/amtest.virtus3-projekti.com\/?post_type=product&#038;p=270"},"modified":"2023-05-25T16:27:12","modified_gmt":"2023-05-25T14:27:12","slug":"vj-electronix","status":"publish","type":"product","link":"https:\/\/amtest-group.com\/pl\/product\/vj-electronix\/","title":{"rendered":"VJ Electronix"},"content":{"rendered":"<p><span style=\"font-weight: 400;\">Firma <\/span><b>VJ Electronix<\/b><span style=\"font-weight: 400;\">, za\u0142o\u017cona w 2003 roku jako nowy oddzia\u0142 firmy VJ Technologies, jest wiod\u0105cym dostawc\u0105 rentgenowskich liczarek komponent\u00f3w na rynku. <\/span><\/p>\n<p><span style=\"font-weight: 400;\">Ich rozwi\u0105zania oparte na promieniowaniu rentgenowskim mog\u0105 obs\u0142ugiwa\u0107 szerok\u0105 gam\u0119 komponent\u00f3w bez konieczno\u015bci programowania w celu wykonania skanowania. Dzi\u0119ki zaawansowanej technologii AI, automatyczne rozpoznawanie cz\u0119\u015bci sprawia, \u017ce obs\u0142uga jest bardzo prosta i intuicyjna.\u00a0<\/span><\/p>\n","protected":false},"excerpt":{"rendered":"<p>Firma VJ Electronix, za\u0142o\u017cona w 2003 roku jako nowy oddzia\u0142 firmy VJ Technologies, jest wiod\u0105cym dostawc\u0105 rentgenowskich liczarek komponent\u00f3w na rynku. Ich rozwi\u0105zania oparte na promieniowaniu rentgenowskim mog\u0105 obs\u0142ugiwa\u0107 szerok\u0105 gam\u0119 komponent\u00f3w bez konieczno\u015bci programowania w celu wykonania skanowania. Dzi\u0119ki zaawansowanej technologii AI, automatyczne rozpoznawanie cz\u0119\u015bci sprawia, \u017ce obs\u0142uga jest bardzo prosta i intuicyjna.\u00a0<\/p>\n","protected":false},"featured_media":0,"parent":0,"menu_order":0,"template":"template-product.php","meta":{"_uf_show_specific_survey":0,"_uf_disable_surveys":false},"categories":[167],"class_list":["post-270","product","type-product","status-publish","hentry","category-bezkontaktowe-liczenie-komponentow"],"aioseo_notices":[],"_links":{"self":[{"href":"https:\/\/amtest-group.com\/pl\/wp-json\/wp\/v2\/product\/270","targetHints":{"allow":["GET"]}}],"collection":[{"href":"https:\/\/amtest-group.com\/pl\/wp-json\/wp\/v2\/product"}],"about":[{"href":"https:\/\/amtest-group.com\/pl\/wp-json\/wp\/v2\/types\/product"}],"wp:attachment":[{"href":"https:\/\/amtest-group.com\/pl\/wp-json\/wp\/v2\/media?parent=270"}],"wp:term":[{"taxonomy":"category","embeddable":true,"href":"https:\/\/amtest-group.com\/pl\/wp-json\/wp\/v2\/categories?post=270"}],"curies":[{"name":"wp","href":"https:\/\/api.w.org\/{rel}","templated":true}]}}