{"id":269,"date":"2023-04-19T11:27:33","date_gmt":"2023-04-19T09:27:33","guid":{"rendered":"https:\/\/amtest.virtus3-projekti.com\/?post_type=product&#038;p=269"},"modified":"2023-05-25T13:27:36","modified_gmt":"2023-05-25T11:27:36","slug":"cyberoptics","status":"publish","type":"product","link":"https:\/\/amtest-group.com\/pl\/product\/cyberoptics\/","title":{"rendered":"CyberOptics"},"content":{"rendered":"<p><b>CyberOptics<\/b><span style=\"font-weight: 400;\"> to wiod\u0105cy na ca\u0142ym \u015bwiecie tw\u00f3rca i producent rozwi\u0105za\u0144 w zakresie technologii wysoce precyzyjnych czujnik\u00f3w 3D.<\/span><\/p>\n<p><span style=\"font-weight: 400;\"><strong>SQ3000<\/strong> to rozwi\u0105zanie typu &#8222;wszystko w jednym&#8221;, wyposa\u017cone w wydajne narz\u0119dzia do kontroli i pomiar\u00f3w w zastosowaniach AOI, SPI i CMM.<\/span><\/p>\n","protected":false},"excerpt":{"rendered":"<p>CyberOptics to wiod\u0105cy na ca\u0142ym \u015bwiecie tw\u00f3rca i producent rozwi\u0105za\u0144 w zakresie technologii wysoce precyzyjnych czujnik\u00f3w 3D. SQ3000 to rozwi\u0105zanie typu &#8222;wszystko w jednym&#8221;, wyposa\u017cone w wydajne narz\u0119dzia do kontroli i pomiar\u00f3w w zastosowaniach AOI, SPI i CMM.<\/p>\n","protected":false},"featured_media":0,"parent":0,"menu_order":0,"template":"template-product.php","meta":{"_uf_show_specific_survey":0,"_uf_disable_surveys":false},"categories":[166],"class_list":["post-269","product","type-product","status-publish","hentry","category-inspekcja-3d-aoi-3d-spi"],"aioseo_notices":[],"_links":{"self":[{"href":"https:\/\/amtest-group.com\/pl\/wp-json\/wp\/v2\/product\/269","targetHints":{"allow":["GET"]}}],"collection":[{"href":"https:\/\/amtest-group.com\/pl\/wp-json\/wp\/v2\/product"}],"about":[{"href":"https:\/\/amtest-group.com\/pl\/wp-json\/wp\/v2\/types\/product"}],"wp:attachment":[{"href":"https:\/\/amtest-group.com\/pl\/wp-json\/wp\/v2\/media?parent=269"}],"wp:term":[{"taxonomy":"category","embeddable":true,"href":"https:\/\/amtest-group.com\/pl\/wp-json\/wp\/v2\/categories?post=269"}],"curies":[{"name":"wp","href":"https:\/\/api.w.org\/{rel}","templated":true}]}}