{"id":268,"date":"2023-04-19T11:27:58","date_gmt":"2023-04-19T09:27:58","guid":{"rendered":"https:\/\/amtest.virtus3-projekti.com\/?post_type=product&#038;p=268"},"modified":"2023-05-25T14:56:19","modified_gmt":"2023-05-25T12:56:19","slug":"humiseal","status":"publish","type":"product","link":"https:\/\/amtest-group.com\/pl\/product\/humiseal\/","title":{"rendered":"HumiSeal"},"content":{"rendered":"<p><b>HumiSeal<\/b><span style=\"font-weight: 400;\"> &#8211; cz\u0119\u015b\u0107 Chase Corporation z zak\u0142adami produkcyjnymi w Stanach Zjednoczonych, Anglii i Indiach.<\/span><\/p>\n<p><span style=\"font-weight: 400;\">Dzi\u0119ki ponad 50-letniemu do\u015bwiadczeniu w produkcji materia\u0142\u00f3w do powlekania konformalnego \/ lakier\u00f3w firma oferuje pe\u0142n\u0105 gam\u0119 materia\u0142\u00f3w ochronnych, w tym akryle, poliuretany i silikony, wraz z r\u00f3\u017cnymi metodami suszenia \/ utwardzania &#8211; od utwardzania termicznego, przez utwardzanie wilgoci\u0105, po UV.<\/span><\/p>\n","protected":false},"excerpt":{"rendered":"<p>HumiSeal &#8211; cz\u0119\u015b\u0107 Chase Corporation z zak\u0142adami produkcyjnymi w Stanach Zjednoczonych, Anglii i Indiach. Dzi\u0119ki ponad 50-letniemu do\u015bwiadczeniu w produkcji materia\u0142\u00f3w do powlekania konformalnego \/ lakier\u00f3w firma oferuje pe\u0142n\u0105 gam\u0119 materia\u0142\u00f3w ochronnych, w tym akryle, poliuretany i silikony, wraz z r\u00f3\u017cnymi metodami suszenia \/ utwardzania &#8211; od utwardzania termicznego, przez utwardzanie wilgoci\u0105, po UV.<\/p>\n","protected":false},"featured_media":0,"parent":0,"menu_order":0,"template":"template-product.php","meta":{"_uf_show_specific_survey":0,"_uf_disable_surveys":false},"categories":[165],"class_list":["post-268","product","type-product","status-publish","hentry","category-lakier"],"aioseo_notices":[],"_links":{"self":[{"href":"https:\/\/amtest-group.com\/pl\/wp-json\/wp\/v2\/product\/268","targetHints":{"allow":["GET"]}}],"collection":[{"href":"https:\/\/amtest-group.com\/pl\/wp-json\/wp\/v2\/product"}],"about":[{"href":"https:\/\/amtest-group.com\/pl\/wp-json\/wp\/v2\/types\/product"}],"wp:attachment":[{"href":"https:\/\/amtest-group.com\/pl\/wp-json\/wp\/v2\/media?parent=268"}],"wp:term":[{"taxonomy":"category","embeddable":true,"href":"https:\/\/amtest-group.com\/pl\/wp-json\/wp\/v2\/categories?post=268"}],"curies":[{"name":"wp","href":"https:\/\/api.w.org\/{rel}","templated":true}]}}