{"id":2150,"date":"2023-05-02T11:47:41","date_gmt":"2023-05-02T09:47:41","guid":{"rendered":"https:\/\/amtest.virtus3-projekti.com\/product\/bdtronic-2\/"},"modified":"2023-05-25T12:50:19","modified_gmt":"2023-05-25T10:50:19","slug":"bdtronic-2","status":"publish","type":"product","link":"https:\/\/amtest-group.com\/pl\/product\/bdtronic-2\/","title":{"rendered":"bdtronic"},"content":{"rendered":"<p><strong>bdtronic GmbH<\/strong> jest wiod\u0105cym na \u015bwiecie producentem system\u00f3w i rozwi\u0105za\u0144 procesowych w zakresie technologii dozowania, impregnacji, zgrzewania i obr\u00f3bki plazm\u0105.<\/p>\n<p>Dzi\u0119ki szerokiej gamie produkt\u00f3w <strong>bdtronic<\/strong> obs\u0142uguje wielu klient\u00f3w z r\u00f3\u017cnych bran\u017c, w szczeg\u00f3lno\u015bci przemys\u0142u motoryzacyjnego i elektrycznego.<\/p>\n","protected":false},"excerpt":{"rendered":"<p>bdtronic GmbH jest wiod\u0105cym na \u015bwiecie producentem system\u00f3w i rozwi\u0105za\u0144 procesowych w zakresie technologii dozowania, impregnacji, zgrzewania i obr\u00f3bki plazm\u0105. Dzi\u0119ki szerokiej gamie produkt\u00f3w bdtronic obs\u0142uguje wielu klient\u00f3w z r\u00f3\u017cnych bran\u017c, w szczeg\u00f3lno\u015bci przemys\u0142u motoryzacyjnego i elektrycznego.<\/p>\n","protected":false},"featured_media":0,"parent":0,"menu_order":0,"template":"template-product.php","meta":{"_uf_show_specific_survey":0,"_uf_disable_surveys":false},"categories":[164],"class_list":["post-2150","product","type-product","status-publish","hentry","category-aktywacja-powierzchni"],"aioseo_notices":[],"_links":{"self":[{"href":"https:\/\/amtest-group.com\/pl\/wp-json\/wp\/v2\/product\/2150","targetHints":{"allow":["GET"]}}],"collection":[{"href":"https:\/\/amtest-group.com\/pl\/wp-json\/wp\/v2\/product"}],"about":[{"href":"https:\/\/amtest-group.com\/pl\/wp-json\/wp\/v2\/types\/product"}],"wp:attachment":[{"href":"https:\/\/amtest-group.com\/pl\/wp-json\/wp\/v2\/media?parent=2150"}],"wp:term":[{"taxonomy":"category","embeddable":true,"href":"https:\/\/amtest-group.com\/pl\/wp-json\/wp\/v2\/categories?post=2150"}],"curies":[{"name":"wp","href":"https:\/\/api.w.org\/{rel}","templated":true}]}}