{"id":2148,"date":"2023-05-02T11:42:58","date_gmt":"2023-05-02T09:42:58","guid":{"rendered":"https:\/\/amtest.virtus3-projekti.com\/product\/mstech\/"},"modified":"2023-11-13T19:30:41","modified_gmt":"2023-11-13T18:30:41","slug":"mstech","status":"publish","type":"product","link":"https:\/\/amtest-group.com\/pl\/product\/mstech\/","title":{"rendered":"MSTech"},"content":{"rendered":"<p>Firma <strong>MSTECH<\/strong>\u00a0 za\u0142o\u017cona w 1996 roku, posiada ponad 20-letnie do\u015bwiadczenie w dostarczaniu rozwi\u0105za\u0144 automatyzacji dla przemys\u0142u elektronicznego specjalizuj\u0105c si\u0119 w depanelizowaniu.<\/p>\n<p>Przez lata ugruntowali swoj\u0105 pozycj\u0119 lidera w r\u00f3\u017cnych sektorach, takich jak elektronika u\u017cytkowa, telefony kom\u00f3rkowe i motoryzacja, przewy\u017cszaj\u0105c wymagania i standardy nawet najbardziej wymagaj\u0105cych, wiod\u0105cych firm.<\/p>\n","protected":false},"excerpt":{"rendered":"<p>Firma MSTECH\u00a0 za\u0142o\u017cona w 1996 roku, posiada ponad 20-letnie do\u015bwiadczenie w dostarczaniu rozwi\u0105za\u0144 automatyzacji dla przemys\u0142u elektronicznego specjalizuj\u0105c si\u0119 w depanelizowaniu. Przez lata ugruntowali swoj\u0105 pozycj\u0119 lidera w r\u00f3\u017cnych sektorach, takich jak elektronika u\u017cytkowa, telefony kom\u00f3rkowe i motoryzacja, przewy\u017cszaj\u0105c wymagania i standardy nawet najbardziej wymagaj\u0105cych, wiod\u0105cych firm.<\/p>\n","protected":false},"featured_media":0,"parent":0,"menu_order":0,"template":"template-product.php","meta":{"_uf_show_specific_survey":0,"_uf_disable_surveys":false},"categories":[179],"class_list":["post-2148","product","type-product","status-publish","hentry","category-depanelizacja"],"aioseo_notices":[],"_links":{"self":[{"href":"https:\/\/amtest-group.com\/pl\/wp-json\/wp\/v2\/product\/2148","targetHints":{"allow":["GET"]}}],"collection":[{"href":"https:\/\/amtest-group.com\/pl\/wp-json\/wp\/v2\/product"}],"about":[{"href":"https:\/\/amtest-group.com\/pl\/wp-json\/wp\/v2\/types\/product"}],"wp:attachment":[{"href":"https:\/\/amtest-group.com\/pl\/wp-json\/wp\/v2\/media?parent=2148"}],"wp:term":[{"taxonomy":"category","embeddable":true,"href":"https:\/\/amtest-group.com\/pl\/wp-json\/wp\/v2\/categories?post=2148"}],"curies":[{"name":"wp","href":"https:\/\/api.w.org\/{rel}","templated":true}]}}