{"id":12992,"date":"2023-04-19T12:17:49","date_gmt":"2023-04-19T10:17:49","guid":{"rendered":"https:\/\/amtest-group.com\/product\/universal-instruments\/"},"modified":"2024-10-15T10:51:38","modified_gmt":"2024-10-15T08:51:38","slug":"universal-instruments","status":"publish","type":"product","link":"https:\/\/amtest-group.com\/pl\/product\/universal-instruments\/","title":{"rendered":"Universal Instruments"},"content":{"rendered":"<p><strong>Universal Instruments<\/strong> oferuje elastyczne urz\u0105dzenia monta\u017cowe.<\/p>\n<p>Firma jest wyj\u0105tkowo dobrze przygotowana do oferowania najszerszej gamy w pe\u0142ni zintegrowanych technologii w bran\u017cy, ekskluzywnej wiedzy procesowej oraz \u015bwiatowej klasy sieci wsparcia, aby zapewni\u0107 idealne rozwi\u0105zanie dla konkretnych wymaga\u0144.<\/p>\n","protected":false},"excerpt":{"rendered":"<p>Universal Instruments oferuje elastyczne urz\u0105dzenia monta\u017cowe. Firma jest wyj\u0105tkowo dobrze przygotowana do oferowania najszerszej gamy w pe\u0142ni zintegrowanych technologii w bran\u017cy, ekskluzywnej wiedzy procesowej oraz \u015bwiatowej klasy sieci wsparcia, aby zapewni\u0107 idealne rozwi\u0105zanie dla konkretnych wymaga\u0144.<\/p>\n","protected":false},"featured_media":0,"parent":0,"menu_order":0,"template":"template-product.php","meta":{"_uf_show_specific_survey":0,"_uf_disable_surveys":false},"categories":[175],"class_list":["post-12992","product","type-product","status-publish","hentry","category-montaz-powierzchniowy-i-przewlekany-odd-form"],"aioseo_notices":[],"_links":{"self":[{"href":"https:\/\/amtest-group.com\/pl\/wp-json\/wp\/v2\/product\/12992","targetHints":{"allow":["GET"]}}],"collection":[{"href":"https:\/\/amtest-group.com\/pl\/wp-json\/wp\/v2\/product"}],"about":[{"href":"https:\/\/amtest-group.com\/pl\/wp-json\/wp\/v2\/types\/product"}],"wp:attachment":[{"href":"https:\/\/amtest-group.com\/pl\/wp-json\/wp\/v2\/media?parent=12992"}],"wp:term":[{"taxonomy":"category","embeddable":true,"href":"https:\/\/amtest-group.com\/pl\/wp-json\/wp\/v2\/categories?post=12992"}],"curies":[{"name":"wp","href":"https:\/\/api.w.org\/{rel}","templated":true}]}}