{"id":12991,"date":"2023-04-19T12:34:50","date_gmt":"2023-04-19T10:34:50","guid":{"rendered":"https:\/\/amtest-group.com\/product\/cab\/"},"modified":"2024-10-15T10:46:05","modified_gmt":"2024-10-15T08:46:05","slug":"cab","status":"publish","type":"product","link":"https:\/\/amtest-group.com\/pl\/product\/cab\/","title":{"rendered":"CAB"},"content":{"rendered":"<p><strong>CAB<\/strong> oferuje kompleksowy zestaw rozwi\u0105za\u0144 do obs\u0142ugi i przetwarzania p\u0142ytek drukowanych (PCB).<\/p>\n<p>W sk\u0142ad tego asortymentu wchodz\u0105 zaawansowane separatory PCB, takie jak HEKTOR 2, kt\u00f3ry dok\u0142adnie i szybko oddziela frezowane PCB, oraz seria MAESTRO (2, 2M, 3E, 4S, 5L i 6), kt\u00f3ra zapewnia wydajne i precyzyjne oddzielanie PCB z wcze\u015bniej naci\u0119tymi rowkami.<\/p>\n","protected":false},"excerpt":{"rendered":"<p>CAB oferuje kompleksowy zestaw rozwi\u0105za\u0144 do obs\u0142ugi i przetwarzania p\u0142ytek drukowanych (PCB). W sk\u0142ad tego asortymentu wchodz\u0105 zaawansowane separatory PCB, takie jak HEKTOR 2, kt\u00f3ry dok\u0142adnie i szybko oddziela frezowane PCB, oraz seria MAESTRO (2, 2M, 3E, 4S, 5L i 6), kt\u00f3ra zapewnia wydajne i precyzyjne oddzielanie PCB z wcze\u015bniej naci\u0119tymi rowkami.<\/p>\n","protected":false},"featured_media":0,"parent":0,"menu_order":0,"template":"template-product.php","meta":{"_uf_show_specific_survey":0,"_uf_disable_surveys":false},"categories":[302],"class_list":["post-12991","product","type-product","status-publish","hentry","category-magazynki-i-separatrory-pcb"],"aioseo_notices":[],"_links":{"self":[{"href":"https:\/\/amtest-group.com\/pl\/wp-json\/wp\/v2\/product\/12991","targetHints":{"allow":["GET"]}}],"collection":[{"href":"https:\/\/amtest-group.com\/pl\/wp-json\/wp\/v2\/product"}],"about":[{"href":"https:\/\/amtest-group.com\/pl\/wp-json\/wp\/v2\/types\/product"}],"wp:attachment":[{"href":"https:\/\/amtest-group.com\/pl\/wp-json\/wp\/v2\/media?parent=12991"}],"wp:term":[{"taxonomy":"category","embeddable":true,"href":"https:\/\/amtest-group.com\/pl\/wp-json\/wp\/v2\/categories?post=12991"}],"curies":[{"name":"wp","href":"https:\/\/api.w.org\/{rel}","templated":true}]}}