{"id":12990,"date":"2023-04-19T12:29:42","date_gmt":"2023-04-19T10:29:42","guid":{"rendered":"https:\/\/amtest-group.com\/product\/r2r\/"},"modified":"2024-10-15T10:43:17","modified_gmt":"2024-10-15T08:43:17","slug":"r2r","status":"publish","type":"product","link":"https:\/\/amtest-group.com\/pl\/product\/r2r\/","title":{"rendered":"R2R"},"content":{"rendered":"<p><strong>R2R<\/strong> jest jednym z lider\u00f3w w dziedzinie materia\u0142\u00f3w eksploatacyjnych do czyszczenia w przemy\u015ble sitodruku i oferuje szeroki wyb\u00f3r r\u00f3\u017cnych produkt\u00f3w w bardzo przyst\u0119pnych cenach.<\/p>\n<p><strong>R2R<\/strong> produkuje i przetwarza rolki czyszcz\u0105ce dla drukarek SMT od ponad 20 lat.<\/p>\n","protected":false},"excerpt":{"rendered":"<p>R2R jest jednym z lider\u00f3w w dziedzinie materia\u0142\u00f3w eksploatacyjnych do czyszczenia w przemy\u015ble sitodruku i oferuje szeroki wyb\u00f3r r\u00f3\u017cnych produkt\u00f3w w bardzo przyst\u0119pnych cenach. R2R produkuje i przetwarza rolki czyszcz\u0105ce dla drukarek SMT od ponad 20 lat.<\/p>\n","protected":false},"featured_media":0,"parent":0,"menu_order":0,"template":"template-product.php","meta":{"_uf_show_specific_survey":0,"_uf_disable_surveys":false},"categories":[184],"class_list":["post-12990","product","type-product","status-publish","hentry","category-materialy-konsumpcyjne"],"aioseo_notices":[],"_links":{"self":[{"href":"https:\/\/amtest-group.com\/pl\/wp-json\/wp\/v2\/product\/12990","targetHints":{"allow":["GET"]}}],"collection":[{"href":"https:\/\/amtest-group.com\/pl\/wp-json\/wp\/v2\/product"}],"about":[{"href":"https:\/\/amtest-group.com\/pl\/wp-json\/wp\/v2\/types\/product"}],"wp:attachment":[{"href":"https:\/\/amtest-group.com\/pl\/wp-json\/wp\/v2\/media?parent=12990"}],"wp:term":[{"taxonomy":"category","embeddable":true,"href":"https:\/\/amtest-group.com\/pl\/wp-json\/wp\/v2\/categories?post=12990"}],"curies":[{"name":"wp","href":"https:\/\/api.w.org\/{rel}","templated":true}]}}