{"id":12989,"date":"2023-04-19T12:34:03","date_gmt":"2023-04-19T10:34:03","guid":{"rendered":"https:\/\/amtest-group.com\/product\/mbtech\/"},"modified":"2024-10-15T10:40:00","modified_gmt":"2024-10-15T08:40:00","slug":"mbtech","status":"publish","type":"product","link":"https:\/\/amtest-group.com\/pl\/product\/mbtech\/","title":{"rendered":"MBtech"},"content":{"rendered":"<p><strong>MBtech<\/strong>, za\u0142o\u017cona w 1993 roku, wyr\u00f3\u017cnia si\u0119 zaawansowanymi rozwi\u0105zaniami czyszcz\u0105cymi dla technologii SMT i in\u017cynierii elektrycznej.<\/p>\n<p><strong>MBtech<\/strong> to nie tylko producent maszyn do czyszczenia o wysokiej precyzji, ale tak\u017ce partner skoncentrowany na potrzebach klient\u00f3w, oferuj\u0105cy dedykowane rozwi\u0105zania.<\/p>\n","protected":false},"excerpt":{"rendered":"<p>MBtech, za\u0142o\u017cona w 1993 roku, wyr\u00f3\u017cnia si\u0119 zaawansowanymi rozwi\u0105zaniami czyszcz\u0105cymi dla technologii SMT i in\u017cynierii elektrycznej. MBtech to nie tylko producent maszyn do czyszczenia o wysokiej precyzji, ale tak\u017ce partner skoncentrowany na potrzebach klient\u00f3w, oferuj\u0105cy dedykowane rozwi\u0105zania.<\/p>\n","protected":false},"featured_media":0,"parent":0,"menu_order":0,"template":"template-product.php","meta":{"_uf_show_specific_survey":0,"_uf_disable_surveys":false},"categories":[299],"class_list":["post-12989","product","type-product","status-publish","hentry","category-mycie-szblonow-i-pcb"],"aioseo_notices":[],"_links":{"self":[{"href":"https:\/\/amtest-group.com\/pl\/wp-json\/wp\/v2\/product\/12989","targetHints":{"allow":["GET"]}}],"collection":[{"href":"https:\/\/amtest-group.com\/pl\/wp-json\/wp\/v2\/product"}],"about":[{"href":"https:\/\/amtest-group.com\/pl\/wp-json\/wp\/v2\/types\/product"}],"wp:attachment":[{"href":"https:\/\/amtest-group.com\/pl\/wp-json\/wp\/v2\/media?parent=12989"}],"wp:term":[{"taxonomy":"category","embeddable":true,"href":"https:\/\/amtest-group.com\/pl\/wp-json\/wp\/v2\/categories?post=12989"}],"curies":[{"name":"wp","href":"https:\/\/api.w.org\/{rel}","templated":true}]}}