{"id":12988,"date":"2024-01-05T14:18:36","date_gmt":"2024-01-05T13:18:36","guid":{"rendered":"https:\/\/amtest-group.com\/product\/i-c-t-2\/"},"modified":"2024-10-15T10:37:45","modified_gmt":"2024-10-15T08:37:45","slug":"i-c-t-2","status":"publish","type":"product","link":"https:\/\/amtest-group.com\/pl\/product\/i-c-t-2\/","title":{"rendered":"I.C.T"},"content":{"rendered":"<p><strong>InterContinental Technology (I.C.T)<\/strong> wyros\u0142a na wiod\u0105cego globalnego dostawc\u0119 inteligentnych rozwi\u0105za\u0144 sprz\u0119towych w ci\u0105gu ostatnich dw\u00f3ch dekad.<\/p>\n<p>Dzi\u0119ki solidnej, 25-letniej obecno\u015bci w bran\u017cy technologii monta\u017cu powierzchniowego (SMT), <strong>I.C.T<\/strong> jest kluczowym graczem w dostarczaniu eksperckich rozwi\u0105za\u0144 dla fabryk SMT.<\/p>\n","protected":false},"excerpt":{"rendered":"<p>InterContinental Technology (I.C.T) wyros\u0142a na wiod\u0105cego globalnego dostawc\u0119 inteligentnych rozwi\u0105za\u0144 sprz\u0119towych w ci\u0105gu ostatnich dw\u00f3ch dekad. Dzi\u0119ki solidnej, 25-letniej obecno\u015bci w bran\u017cy technologii monta\u017cu powierzchniowego (SMT), I.C.T jest kluczowym graczem w dostarczaniu eksperckich rozwi\u0105za\u0144 dla fabryk SMT.<\/p>\n","protected":false},"featured_media":0,"parent":0,"menu_order":0,"template":"template-product.php","meta":{"_uf_show_specific_survey":0,"_uf_disable_surveys":false},"categories":[173],"class_list":["post-12988","product","type-product","status-publish","hentry","category-sitodruk"],"aioseo_notices":[],"_links":{"self":[{"href":"https:\/\/amtest-group.com\/pl\/wp-json\/wp\/v2\/product\/12988","targetHints":{"allow":["GET"]}}],"collection":[{"href":"https:\/\/amtest-group.com\/pl\/wp-json\/wp\/v2\/product"}],"about":[{"href":"https:\/\/amtest-group.com\/pl\/wp-json\/wp\/v2\/types\/product"}],"wp:attachment":[{"href":"https:\/\/amtest-group.com\/pl\/wp-json\/wp\/v2\/media?parent=12988"}],"wp:term":[{"taxonomy":"category","embeddable":true,"href":"https:\/\/amtest-group.com\/pl\/wp-json\/wp\/v2\/categories?post=12988"}],"curies":[{"name":"wp","href":"https:\/\/api.w.org\/{rel}","templated":true}]}}