{"id":12986,"date":"2023-04-19T11:17:17","date_gmt":"2023-04-19T09:17:17","guid":{"rendered":"https:\/\/amtest-group.com\/product\/nordson-march\/"},"modified":"2024-10-15T10:35:47","modified_gmt":"2024-10-15T08:35:47","slug":"nordson-march","status":"publish","type":"product","link":"https:\/\/amtest-group.com\/pl\/product\/nordson-march\/","title":{"rendered":"Nordson March"},"content":{"rendered":"<p><strong>Nordson<\/strong>, jako lider w dziedzinie urz\u0105dze\u0144 produkcyjnych, oferuje plazmowe procesy wst\u0119pnego oczyszczania przed podaniem podk\u0142adu, formowania i wi\u0105zania drutu, kt\u00f3re poprawiaj\u0105 przyczepno\u015b\u0107 i niezawodno\u015b\u0107 pakiet\u00f3w, zapewniaj\u0105c niezr\u00f3wnan\u0105 jednolito\u015b\u0107 i sp\u00f3jno\u015b\u0107 procesu.<\/p>\n","protected":false},"excerpt":{"rendered":"<p>Nordson, jako lider w dziedzinie urz\u0105dze\u0144 produkcyjnych, oferuje plazmowe procesy wst\u0119pnego oczyszczania przed podaniem podk\u0142adu, formowania i wi\u0105zania drutu, kt\u00f3re poprawiaj\u0105 przyczepno\u015b\u0107 i niezawodno\u015b\u0107 pakiet\u00f3w, zapewniaj\u0105c niezr\u00f3wnan\u0105 jednolito\u015b\u0107 i sp\u00f3jno\u015b\u0107 procesu.<\/p>\n","protected":false},"featured_media":0,"parent":0,"menu_order":0,"template":"template-product.php","meta":{"_uf_show_specific_survey":0,"_uf_disable_surveys":false},"categories":[164],"class_list":["post-12986","product","type-product","status-publish","hentry","category-aktywacja-powierzchni"],"aioseo_notices":[],"_links":{"self":[{"href":"https:\/\/amtest-group.com\/pl\/wp-json\/wp\/v2\/product\/12986","targetHints":{"allow":["GET"]}}],"collection":[{"href":"https:\/\/amtest-group.com\/pl\/wp-json\/wp\/v2\/product"}],"about":[{"href":"https:\/\/amtest-group.com\/pl\/wp-json\/wp\/v2\/types\/product"}],"wp:attachment":[{"href":"https:\/\/amtest-group.com\/pl\/wp-json\/wp\/v2\/media?parent=12986"}],"wp:term":[{"taxonomy":"category","embeddable":true,"href":"https:\/\/amtest-group.com\/pl\/wp-json\/wp\/v2\/categories?post=12986"}],"curies":[{"name":"wp","href":"https:\/\/api.w.org\/{rel}","templated":true}]}}