{"id":12983,"date":"2023-11-13T02:45:33","date_gmt":"2023-11-13T01:45:33","guid":{"rendered":"https:\/\/amtest-group.com\/product\/mstech-5\/"},"modified":"2024-10-15T10:28:59","modified_gmt":"2024-10-15T08:28:59","slug":"mstech-5","status":"publish","type":"product","link":"https:\/\/amtest-group.com\/pl\/product\/mstech-5\/","title":{"rendered":"MSTech"},"content":{"rendered":"<p><strong>MSTECH<\/strong>, za\u0142o\u017cona w 1996 roku, posiada ponad 20 lat do\u015bwiadczenia w dostarczaniu rozwi\u0105za\u0144 automatyzacyjnych dla przemys\u0142u elektronicznego, specjalizuj\u0105c si\u0119 w depanelizacji.<\/p>\n<p>Na przestrzeni lat firma ugruntowa\u0142a swoj\u0105 pozycj\u0119 lidera w r\u00f3\u017cnych sektorach, takich jak elektronika u\u017cytkowa, telefony kom\u00f3rkowe i motoryzacja, spe\u0142niaj\u0105c wymagania nawet najbardziej rygorystycznych standard\u00f3w wiod\u0105cych firm.<\/p>\n","protected":false},"excerpt":{"rendered":"<p>MSTECH, za\u0142o\u017cona w 1996 roku, posiada ponad 20 lat do\u015bwiadczenia w dostarczaniu rozwi\u0105za\u0144 automatyzacyjnych dla przemys\u0142u elektronicznego, specjalizuj\u0105c si\u0119 w depanelizacji. Na przestrzeni lat firma ugruntowa\u0142a swoj\u0105 pozycj\u0119 lidera w r\u00f3\u017cnych sektorach, takich jak elektronika u\u017cytkowa, telefony kom\u00f3rkowe i motoryzacja, spe\u0142niaj\u0105c wymagania nawet najbardziej rygorystycznych standard\u00f3w wiod\u0105cych firm.<\/p>\n","protected":false},"featured_media":0,"parent":0,"menu_order":0,"template":"template-product.php","meta":{"_uf_show_specific_survey":0,"_uf_disable_surveys":false},"categories":[300],"class_list":["post-12983","product","type-product","status-publish","hentry","category-piece-do-utwardzania"],"aioseo_notices":[],"_links":{"self":[{"href":"https:\/\/amtest-group.com\/pl\/wp-json\/wp\/v2\/product\/12983","targetHints":{"allow":["GET"]}}],"collection":[{"href":"https:\/\/amtest-group.com\/pl\/wp-json\/wp\/v2\/product"}],"about":[{"href":"https:\/\/amtest-group.com\/pl\/wp-json\/wp\/v2\/types\/product"}],"wp:attachment":[{"href":"https:\/\/amtest-group.com\/pl\/wp-json\/wp\/v2\/media?parent=12983"}],"wp:term":[{"taxonomy":"category","embeddable":true,"href":"https:\/\/amtest-group.com\/pl\/wp-json\/wp\/v2\/categories?post=12983"}],"curies":[{"name":"wp","href":"https:\/\/api.w.org\/{rel}","templated":true}]}}