{"id":12982,"date":"2024-09-16T13:30:47","date_gmt":"2024-09-16T11:30:47","guid":{"rendered":"https:\/\/amtest-group.com\/product\/exelsius-3\/"},"modified":"2024-10-15T10:27:21","modified_gmt":"2024-10-15T08:27:21","slug":"exelsius-3","status":"publish","type":"product","link":"https:\/\/amtest-group.com\/pl\/product\/exelsius-3\/","title":{"rendered":"Exelsius"},"content":{"rendered":"<p><strong>Exelsius<\/strong>, lider w zaawansowanych technologiach utwardzania, oferuje szerok\u0105 gam\u0119 wydajnych piec\u00f3w zaprojektowanych do zastosowa\u0144 przemys\u0142owych.<\/p>\n<p>Skupiaj\u0105c si\u0119 na efektywno\u015bci, bezpiecze\u0144stwie i wszechstronno\u015bci, seria UV-9 obejmuje zar\u00f3wno piece do utwardzania UV LED, jak i UV ARC, natomiast piec XCC IR specjalizuje si\u0119 w utwardzaniu przy u\u017cyciu podczerwieni (IR). Te nowoczesne systemy s\u0105 dostosowane do szybko zmieniaj\u0105cych si\u0119 potrzeb proces\u00f3w powlekania i klejenia, oferuj\u0105c elastyczne rozwi\u0105zania dla r\u00f3\u017cnych bran\u017c.<\/p>\n","protected":false},"excerpt":{"rendered":"<p>Exelsius, lider w zaawansowanych technologiach utwardzania, oferuje szerok\u0105 gam\u0119 wydajnych piec\u00f3w zaprojektowanych do zastosowa\u0144 przemys\u0142owych. Skupiaj\u0105c si\u0119 na efektywno\u015bci, bezpiecze\u0144stwie i wszechstronno\u015bci, seria UV-9 obejmuje zar\u00f3wno piece do utwardzania UV LED, jak i UV ARC, natomiast piec XCC IR specjalizuje si\u0119 w utwardzaniu przy u\u017cyciu podczerwieni (IR). Te nowoczesne systemy s\u0105 dostosowane do szybko zmieniaj\u0105cych [&hellip;]<\/p>\n","protected":false},"featured_media":0,"parent":0,"menu_order":0,"template":"template-product.php","meta":{"_uf_show_specific_survey":0,"_uf_disable_surveys":false},"categories":[300],"class_list":["post-12982","product","type-product","status-publish","hentry","category-piece-do-utwardzania"],"aioseo_notices":[],"_links":{"self":[{"href":"https:\/\/amtest-group.com\/pl\/wp-json\/wp\/v2\/product\/12982","targetHints":{"allow":["GET"]}}],"collection":[{"href":"https:\/\/amtest-group.com\/pl\/wp-json\/wp\/v2\/product"}],"about":[{"href":"https:\/\/amtest-group.com\/pl\/wp-json\/wp\/v2\/types\/product"}],"wp:attachment":[{"href":"https:\/\/amtest-group.com\/pl\/wp-json\/wp\/v2\/media?parent=12982"}],"wp:term":[{"taxonomy":"category","embeddable":true,"href":"https:\/\/amtest-group.com\/pl\/wp-json\/wp\/v2\/categories?post=12982"}],"curies":[{"name":"wp","href":"https:\/\/api.w.org\/{rel}","templated":true}]}}