{"id":12980,"date":"2024-01-05T14:07:14","date_gmt":"2024-01-05T13:07:14","guid":{"rendered":"https:\/\/amtest-group.com\/product\/i-c-t\/"},"modified":"2024-10-15T10:25:35","modified_gmt":"2024-10-15T08:25:35","slug":"i-c-t","status":"publish","type":"product","link":"https:\/\/amtest-group.com\/pl\/product\/i-c-t\/","title":{"rendered":"I.C.T"},"content":{"rendered":"<p><strong>InterContinental Technology (I.C.T)<\/strong> w ci\u0105gu ostatnich dw\u00f3ch dekad wyros\u0142a na wiod\u0105cego globalnego dostawc\u0119 inteligentnych rozwi\u0105za\u0144 sprz\u0119towych.<\/p>\n<p>Z solidnym 25-letnim do\u015bwiadczeniem w bran\u017cy technologii monta\u017cu powierzchniowego (SMT), <strong>I.C.T<\/strong> jest kluczowym graczem w dostarczaniu ekspertowych rozwi\u0105za\u0144 dla fabryk SMT.<\/p>\n","protected":false},"excerpt":{"rendered":"<p>InterContinental Technology (I.C.T) w ci\u0105gu ostatnich dw\u00f3ch dekad wyros\u0142a na wiod\u0105cego globalnego dostawc\u0119 inteligentnych rozwi\u0105za\u0144 sprz\u0119towych. Z solidnym 25-letnim do\u015bwiadczeniem w bran\u017cy technologii monta\u017cu powierzchniowego (SMT), I.C.T jest kluczowym graczem w dostarczaniu ekspertowych rozwi\u0105za\u0144 dla fabryk SMT.<\/p>\n","protected":false},"featured_media":0,"parent":0,"menu_order":0,"template":"template-product.php","meta":{"_uf_show_specific_survey":0,"_uf_disable_surveys":false},"categories":[174],"class_list":["post-12980","product","type-product","status-publish","hentry","category-lutowanie-konwekcyjne"],"aioseo_notices":[],"_links":{"self":[{"href":"https:\/\/amtest-group.com\/pl\/wp-json\/wp\/v2\/product\/12980","targetHints":{"allow":["GET"]}}],"collection":[{"href":"https:\/\/amtest-group.com\/pl\/wp-json\/wp\/v2\/product"}],"about":[{"href":"https:\/\/amtest-group.com\/pl\/wp-json\/wp\/v2\/types\/product"}],"wp:attachment":[{"href":"https:\/\/amtest-group.com\/pl\/wp-json\/wp\/v2\/media?parent=12980"}],"wp:term":[{"taxonomy":"category","embeddable":true,"href":"https:\/\/amtest-group.com\/pl\/wp-json\/wp\/v2\/categories?post=12980"}],"curies":[{"name":"wp","href":"https:\/\/api.w.org\/{rel}","templated":true}]}}