{"id":12978,"date":"2024-01-05T16:00:10","date_gmt":"2024-01-05T15:00:10","guid":{"rendered":"https:\/\/amtest-group.com\/product\/universal-instruments-3\/"},"modified":"2024-10-15T10:04:52","modified_gmt":"2024-10-15T08:04:52","slug":"universal-instruments-3","status":"publish","type":"product","link":"https:\/\/amtest-group.com\/pl\/product\/universal-instruments-3\/","title":{"rendered":"Universal Instruments"},"content":{"rendered":"<p><strong>Universal Instruments<\/strong> oferuje elastyczne urz\u0105dzenia do monta\u017cu.<\/p>\n<p>Firma ma unikaln\u0105 pozycj\u0119, aby oferowa\u0107 najszerszy w bran\u017cy zakres w pe\u0142ni zintegrowanych technologii, ekskluzywn\u0105 wiedz\u0119 procesow\u0105 oraz \u015bwiatowej klasy sie\u0107 wsparcia, co pozwala dostarcza\u0107 idealne rozwi\u0105zania dostosowane do specyficznych wymaga\u0144.<\/p>\n","protected":false},"excerpt":{"rendered":"<p>Universal Instruments oferuje elastyczne urz\u0105dzenia do monta\u017cu. Firma ma unikaln\u0105 pozycj\u0119, aby oferowa\u0107 najszerszy w bran\u017cy zakres w pe\u0142ni zintegrowanych technologii, ekskluzywn\u0105 wiedz\u0119 procesow\u0105 oraz \u015bwiatowej klasy sie\u0107 wsparcia, co pozwala dostarcza\u0107 idealne rozwi\u0105zania dostosowane do specyficznych wymaga\u0144.<\/p>\n","protected":false},"featured_media":0,"parent":0,"menu_order":0,"template":"template-product.php","meta":{"_uf_show_specific_survey":0,"_uf_disable_surveys":false},"categories":[298],"class_list":["post-12978","product","type-product","status-publish","hentry","category-montaz-polprzewodnikow"],"aioseo_notices":[],"_links":{"self":[{"href":"https:\/\/amtest-group.com\/pl\/wp-json\/wp\/v2\/product\/12978","targetHints":{"allow":["GET"]}}],"collection":[{"href":"https:\/\/amtest-group.com\/pl\/wp-json\/wp\/v2\/product"}],"about":[{"href":"https:\/\/amtest-group.com\/pl\/wp-json\/wp\/v2\/types\/product"}],"wp:attachment":[{"href":"https:\/\/amtest-group.com\/pl\/wp-json\/wp\/v2\/media?parent=12978"}],"wp:term":[{"taxonomy":"category","embeddable":true,"href":"https:\/\/amtest-group.com\/pl\/wp-json\/wp\/v2\/categories?post=12978"}],"curies":[{"name":"wp","href":"https:\/\/api.w.org\/{rel}","templated":true}]}}