{"id":359,"date":"2023-03-24T08:35:10","date_gmt":"2023-03-24T07:35:10","guid":{"rendered":"https:\/\/amtest.virtus3-projekti.com\/contact\/"},"modified":"2023-04-25T12:05:48","modified_gmt":"2023-04-25T10:05:48","slug":"contact","status":"publish","type":"page","link":"https:\/\/amtest-group.com\/pl\/contact\/","title":{"rendered":"Kontakt"},"content":{"rendered":"<p>Chcieliby\u015bmy us\u0142ysze\u0107 od ciebie! Prosz\u0119 wype\u0142ni\u0107 poni\u017cszy formularz, aby si\u0119 z nami skontaktowa\u0107.<\/p>\n","protected":false},"excerpt":{"rendered":"<p>Chcieliby\u015bmy us\u0142ysze\u0107 od ciebie! Prosz\u0119 wype\u0142ni\u0107 poni\u017cszy formularz, aby si\u0119 z nami skontaktowa\u0107.<\/p>\n","protected":false},"author":1,"featured_media":1198,"parent":0,"menu_order":0,"comment_status":"closed","ping_status":"closed","template":"template-contact.php","meta":{"_uf_show_specific_survey":0,"_uf_disable_surveys":false,"footnotes":""},"class_list":["post-359","page","type-page","status-publish","has-post-thumbnail","hentry"],"aioseo_notices":[],"_links":{"self":[{"href":"https:\/\/amtest-group.com\/pl\/wp-json\/wp\/v2\/pages\/359","targetHints":{"allow":["GET"]}}],"collection":[{"href":"https:\/\/amtest-group.com\/pl\/wp-json\/wp\/v2\/pages"}],"about":[{"href":"https:\/\/amtest-group.com\/pl\/wp-json\/wp\/v2\/types\/page"}],"author":[{"embeddable":true,"href":"https:\/\/amtest-group.com\/pl\/wp-json\/wp\/v2\/users\/1"}],"replies":[{"embeddable":true,"href":"https:\/\/amtest-group.com\/pl\/wp-json\/wp\/v2\/comments?post=359"}],"version-history":[{"count":5,"href":"https:\/\/amtest-group.com\/pl\/wp-json\/wp\/v2\/pages\/359\/revisions"}],"predecessor-version":[{"id":1206,"href":"https:\/\/amtest-group.com\/pl\/wp-json\/wp\/v2\/pages\/359\/revisions\/1206"}],"wp:featuredmedia":[{"embeddable":true,"href":"https:\/\/amtest-group.com\/pl\/wp-json\/wp\/v2\/media\/1198"}],"wp:attachment":[{"href":"https:\/\/amtest-group.com\/pl\/wp-json\/wp\/v2\/media?parent=359"}],"curies":[{"name":"wp","href":"https:\/\/api.w.org\/{rel}","templated":true}]}}