{"id":30845,"date":"2026-01-02T09:12:14","date_gmt":"2026-01-02T08:12:14","guid":{"rendered":"https:\/\/amtest-group.com\/product\/nordson-test-inspection-2\/"},"modified":"2026-01-30T12:27:48","modified_gmt":"2026-01-30T11:27:48","slug":"nordson-test-inspection-2","status":"publish","type":"product","link":"https:\/\/amtest-group.com\/hu\/product\/nordson-test-inspection-2\/","title":{"rendered":"Nordson Test &#038; Inspection"},"content":{"rendered":"<p>A <strong>Nordson Test &amp; Inspection<\/strong> az optikai ellen\u0151rz\u00e9s fejl\u0151d\u00e9s\u00e9nek \u00e9l\u00e9n \u00e1ll, intelligens \u00e9s nagy pontoss\u00e1g\u00fa megold\u00e1sokat k\u00edn\u00e1lva a modern elektronikai gy\u00e1rt\u00e1s sz\u00e1m\u00e1ra.<\/p>\n<p>AOI \u00e9s 3D ellen\u0151rz\u0151rendszereik \u00f6tv\u00f6zik a fejlett k\u00e9palkot\u00e1st, a mesters\u00e9ges intelligencia algoritmusait \u00e9s a val\u00f3s idej\u0171 analitik\u00e1t, hogy m\u00e9g a legapr\u00f3bb hib\u00e1kat is kiv\u00e9teles pontoss\u00e1ggal \u00e9szlelj\u00e9k.<\/p>\n","protected":false},"excerpt":{"rendered":"<p>A Nordson Test &amp; Inspection az optikai ellen\u0151rz\u00e9s fejl\u0151d\u00e9s\u00e9nek \u00e9l\u00e9n \u00e1ll, intelligens \u00e9s nagy pontoss\u00e1g\u00fa megold\u00e1sokat k\u00edn\u00e1lva a modern elektronikai gy\u00e1rt\u00e1s sz\u00e1m\u00e1ra. AOI \u00e9s 3D ellen\u0151rz\u0151rendszereik \u00f6tv\u00f6zik a fejlett k\u00e9palkot\u00e1st, a mesters\u00e9ges intelligencia algoritmusait \u00e9s a val\u00f3s idej\u0171 analitik\u00e1t, hogy m\u00e9g a legapr\u00f3bb hib\u00e1kat is kiv\u00e9teles pontoss\u00e1ggal \u00e9szlelj\u00e9k.<\/p>\n","protected":false},"featured_media":0,"parent":0,"menu_order":0,"template":"template-product.php","meta":{"_uf_show_specific_survey":0,"_uf_disable_surveys":false},"categories":[329,337],"class_list":["post-30845","product","type-product","status-publish","hentry","category-optikai-ellenorzes","category-szelektiv-lakkozas-ellenorzes"],"aioseo_notices":[],"_links":{"self":[{"href":"https:\/\/amtest-group.com\/hu\/wp-json\/wp\/v2\/product\/30845","targetHints":{"allow":["GET"]}}],"collection":[{"href":"https:\/\/amtest-group.com\/hu\/wp-json\/wp\/v2\/product"}],"about":[{"href":"https:\/\/amtest-group.com\/hu\/wp-json\/wp\/v2\/types\/product"}],"wp:attachment":[{"href":"https:\/\/amtest-group.com\/hu\/wp-json\/wp\/v2\/media?parent=30845"}],"wp:term":[{"taxonomy":"category","embeddable":true,"href":"https:\/\/amtest-group.com\/hu\/wp-json\/wp\/v2\/categories?post=30845"}],"curies":[{"name":"wp","href":"https:\/\/api.w.org\/{rel}","templated":true}]}}