{"id":30792,"date":"2026-01-02T08:14:44","date_gmt":"2026-01-02T07:14:44","guid":{"rendered":"https:\/\/amtest-group.com\/product\/maker-ray-2\/"},"modified":"2026-01-29T10:19:45","modified_gmt":"2026-01-29T09:19:45","slug":"maker-ray-2","status":"publish","type":"product","link":"https:\/\/amtest-group.com\/hu\/product\/maker-ray-2\/","title":{"rendered":"MAKER-RAY"},"content":{"rendered":"<p>A <strong>MAKER-RAY<\/strong> term\u00e9korient\u00e1lt v\u00e1llalat, amely intelligens optikai ellen\u0151rz\u00e9si megold\u00e1sokra specializ\u00e1l\u00f3dott, k\u00fcl\u00f6n\u00f6s hangs\u00falyt fektetve a mesters\u00e9ges intelligenci\u00e1val t\u00e1mogatott AOI rendszerekre a THT, SMT \u00e9s szelekt\u00edv lakkoz\u00e1si folyamatok ter\u00fclet\u00e9n.<\/p>\n<p>A <strong>MAKER-RAY<\/strong> fejlett m\u00e9lytanul\u00e1si algoritmusok alkalmaz\u00e1s\u00e1val n\u00f6veli a programoz\u00e1s hat\u00e9konys\u00e1g\u00e1t \u00e9s a hibafelismer\u00e9s pontoss\u00e1g\u00e1t, mik\u00f6zben jelent\u0151sen cs\u00f6kkenti a t\u00e9ves riaszt\u00e1sok sz\u00e1m\u00e1t \u2013 ez\u00e1ltal lek\u00fczdve a hagyom\u00e1nyos ellen\u0151rz\u00e9si technol\u00f3gi\u00e1k korl\u00e1tait.<\/p>\n","protected":false},"excerpt":{"rendered":"<p>A MAKER-RAY term\u00e9korient\u00e1lt v\u00e1llalat, amely intelligens optikai ellen\u0151rz\u00e9si megold\u00e1sokra specializ\u00e1l\u00f3dott, k\u00fcl\u00f6n\u00f6s hangs\u00falyt fektetve a mesters\u00e9ges intelligenci\u00e1val t\u00e1mogatott AOI rendszerekre a THT, SMT \u00e9s szelekt\u00edv lakkoz\u00e1si folyamatok ter\u00fclet\u00e9n. A MAKER-RAY fejlett m\u00e9lytanul\u00e1si algoritmusok alkalmaz\u00e1s\u00e1val n\u00f6veli a programoz\u00e1s hat\u00e9konys\u00e1g\u00e1t \u00e9s a hibafelismer\u00e9s pontoss\u00e1g\u00e1t, mik\u00f6zben jelent\u0151sen cs\u00f6kkenti a t\u00e9ves riaszt\u00e1sok sz\u00e1m\u00e1t \u2013 ez\u00e1ltal lek\u00fczdve a hagyom\u00e1nyos ellen\u0151rz\u00e9si technol\u00f3gi\u00e1k [&hellip;]<\/p>\n","protected":false},"featured_media":0,"parent":0,"menu_order":0,"template":"template-product.php","meta":{"_uf_show_specific_survey":0,"_uf_disable_surveys":false},"categories":[334,329],"class_list":["post-30792","product","type-product","status-publish","hentry","category-2d-smt-aoi-pre-reflow-hu","category-optikai-ellenorzes"],"aioseo_notices":[],"_links":{"self":[{"href":"https:\/\/amtest-group.com\/hu\/wp-json\/wp\/v2\/product\/30792","targetHints":{"allow":["GET"]}}],"collection":[{"href":"https:\/\/amtest-group.com\/hu\/wp-json\/wp\/v2\/product"}],"about":[{"href":"https:\/\/amtest-group.com\/hu\/wp-json\/wp\/v2\/types\/product"}],"wp:attachment":[{"href":"https:\/\/amtest-group.com\/hu\/wp-json\/wp\/v2\/media?parent=30792"}],"wp:term":[{"taxonomy":"category","embeddable":true,"href":"https:\/\/amtest-group.com\/hu\/wp-json\/wp\/v2\/categories?post=30792"}],"curies":[{"name":"wp","href":"https:\/\/api.w.org\/{rel}","templated":true}]}}