{"id":30779,"date":"2026-01-02T09:02:09","date_gmt":"2026-01-02T08:02:09","guid":{"rendered":"https:\/\/amtest-group.com\/product\/mstech-4\/"},"modified":"2026-01-29T09:23:48","modified_gmt":"2026-01-29T08:23:48","slug":"mstech-4","status":"publish","type":"product","link":"https:\/\/amtest-group.com\/hu\/product\/mstech-4\/","title":{"rendered":"MSTech"},"content":{"rendered":"<p>Az 1996-ban alap\u00edtott <strong>MSTECH<\/strong> az automatiz\u00e1l\u00e1si \u00e9s ellen\u0151rz\u00e9si megold\u00e1sok \u00fatt\u00f6r\u0151je a glob\u00e1lis elektronikai iparban.<\/p>\n<p>T\u00f6bb mint h\u00fasz \u00e9v technol\u00f3giai tapasztalat\u00e1ra t\u00e1maszkodva a v\u00e1llalat korszer\u0171 szelkt\u00edv lakkoz\u00e1st ellen\u0151rz\u0151 rendszereket k\u00edn\u00e1l, amelyek c\u00e9lja a t\u00f6k\u00e9letes bevonatfedetts\u00e9g, a pontos r\u00e9tegvastags\u00e1g \u00e9s a hibamentes fel\u00fcletek biztos\u00edt\u00e1sa.<\/p>\n","protected":false},"excerpt":{"rendered":"<p>Az 1996-ban alap\u00edtott MSTECH az automatiz\u00e1l\u00e1si \u00e9s ellen\u0151rz\u00e9si megold\u00e1sok \u00fatt\u00f6r\u0151je a glob\u00e1lis elektronikai iparban. T\u00f6bb mint h\u00fasz \u00e9v technol\u00f3giai tapasztalat\u00e1ra t\u00e1maszkodva a v\u00e1llalat korszer\u0171 szelkt\u00edv lakkoz\u00e1st ellen\u0151rz\u0151 rendszereket k\u00edn\u00e1l, amelyek c\u00e9lja a t\u00f6k\u00e9letes bevonatfedetts\u00e9g, a pontos r\u00e9tegvastags\u00e1g \u00e9s a hibamentes fel\u00fcletek biztos\u00edt\u00e1sa.<\/p>\n","protected":false},"featured_media":0,"parent":0,"menu_order":0,"template":"template-product.php","meta":{"_uf_show_specific_survey":0,"_uf_disable_surveys":false},"categories":[329,337],"class_list":["post-30779","product","type-product","status-publish","hentry","category-optikai-ellenorzes","category-szelektiv-lakkozas-ellenorzes"],"aioseo_notices":[],"_links":{"self":[{"href":"https:\/\/amtest-group.com\/hu\/wp-json\/wp\/v2\/product\/30779","targetHints":{"allow":["GET"]}}],"collection":[{"href":"https:\/\/amtest-group.com\/hu\/wp-json\/wp\/v2\/product"}],"about":[{"href":"https:\/\/amtest-group.com\/hu\/wp-json\/wp\/v2\/types\/product"}],"wp:attachment":[{"href":"https:\/\/amtest-group.com\/hu\/wp-json\/wp\/v2\/media?parent=30779"}],"wp:term":[{"taxonomy":"category","embeddable":true,"href":"https:\/\/amtest-group.com\/hu\/wp-json\/wp\/v2\/categories?post=30779"}],"curies":[{"name":"wp","href":"https:\/\/api.w.org\/{rel}","templated":true}]}}