{"id":242,"date":"2023-04-19T12:30:41","date_gmt":"2023-04-19T10:30:41","guid":{"rendered":"https:\/\/amtest.virtus3-projekti.com\/?post_type=product&#038;p=242"},"modified":"2023-05-25T12:39:01","modified_gmt":"2023-05-25T10:39:01","slug":"balverzinn","status":"publish","type":"product","link":"https:\/\/amtest-group.com\/hu\/product\/balverzinn\/","title":{"rendered":"Balver Zinn"},"content":{"rendered":"<p><span style=\"font-weight: 400;\">A n\u00e9metorsz\u00e1gi sz\u00e9khely\u0171 <\/span><b>Balver Zinn<\/b><span style=\"font-weight: 400;\"> Josef Jost GmbH &amp; Co. KG a kiv\u00e1l\u00f3 min\u0151s\u00e9g\u0171 an\u00f3dok \u00e9s \u00f6tv\u00f6zetek, forraszanyagok \u00e9s k\u00fcl\u00f6nf\u00e9le huzalok egyik vezet\u0151 gy\u00e1rt\u00f3ja az elektronikai iparban, valamint a fel\u00fcletkezel\u00e9si \u00e9s f\u00e9mez\u00e9si alkalmaz\u00e1sokban.<\/span><\/p>\n","protected":false},"excerpt":{"rendered":"<p>A n\u00e9metorsz\u00e1gi sz\u00e9khely\u0171 Balver Zinn Josef Jost GmbH &amp; Co. KG a kiv\u00e1l\u00f3 min\u0151s\u00e9g\u0171 an\u00f3dok \u00e9s \u00f6tv\u00f6zetek, forraszanyagok \u00e9s k\u00fcl\u00f6nf\u00e9le huzalok egyik vezet\u0151 gy\u00e1rt\u00f3ja az elektronikai iparban, valamint a fel\u00fcletkezel\u00e9si \u00e9s f\u00e9mez\u00e9si alkalmaz\u00e1sokban.<\/p>\n","protected":false},"featured_media":0,"parent":0,"menu_order":0,"template":"template-product.php","meta":{"_uf_show_specific_survey":0,"_uf_disable_surveys":false},"categories":[163],"class_list":["post-242","product","type-product","status-publish","hentry","category-anyagok-fogyoanyagok"],"aioseo_notices":[],"_links":{"self":[{"href":"https:\/\/amtest-group.com\/hu\/wp-json\/wp\/v2\/product\/242","targetHints":{"allow":["GET"]}}],"collection":[{"href":"https:\/\/amtest-group.com\/hu\/wp-json\/wp\/v2\/product"}],"about":[{"href":"https:\/\/amtest-group.com\/hu\/wp-json\/wp\/v2\/types\/product"}],"wp:attachment":[{"href":"https:\/\/amtest-group.com\/hu\/wp-json\/wp\/v2\/media?parent=242"}],"wp:term":[{"taxonomy":"category","embeddable":true,"href":"https:\/\/amtest-group.com\/hu\/wp-json\/wp\/v2\/categories?post=242"}],"curies":[{"name":"wp","href":"https:\/\/api.w.org\/{rel}","templated":true}]}}