{"id":239,"date":"2023-04-19T12:24:50","date_gmt":"2023-04-19T10:24:50","guid":{"rendered":"https:\/\/amtest.virtus3-projekti.com\/?post_type=product&#038;p=239"},"modified":"2023-05-25T16:12:30","modified_gmt":"2023-05-25T14:12:30","slug":"x-treme-series","status":"publish","type":"product","link":"https:\/\/amtest-group.com\/hu\/product\/x-treme-series\/","title":{"rendered":"X-Treme Series"},"content":{"rendered":"<p><span style=\"font-weight: 400;\">Az <\/span><b>X-Treme Series<\/b><span style=\"font-weight: 400;\"> egy t\u00f6r\u00f6korsz\u00e1gi m\u00e9rn\u00f6ki c\u00e9g, amely 1987 \u00f3ta van jelen a piacon, \u00e9s az EMT Electronics v\u00e9djegye az automata sz\u00e1r\u00edt\u00f3szekr\u00e9nyekhez.<\/span><\/p>\n","protected":false},"excerpt":{"rendered":"<p>Az X-Treme Series egy t\u00f6r\u00f6korsz\u00e1gi m\u00e9rn\u00f6ki c\u00e9g, amely 1987 \u00f3ta van jelen a piacon, \u00e9s az EMT Electronics v\u00e9djegye az automata sz\u00e1r\u00edt\u00f3szekr\u00e9nyekhez.<\/p>\n","protected":false},"featured_media":0,"parent":0,"menu_order":0,"template":"template-product.php","meta":{"_uf_show_specific_survey":0,"_uf_disable_surveys":false},"categories":[160],"class_list":["post-239","product","type-product","status-publish","hentry","category-automata-szaritoszekrenyek"],"aioseo_notices":[],"_links":{"self":[{"href":"https:\/\/amtest-group.com\/hu\/wp-json\/wp\/v2\/product\/239","targetHints":{"allow":["GET"]}}],"collection":[{"href":"https:\/\/amtest-group.com\/hu\/wp-json\/wp\/v2\/product"}],"about":[{"href":"https:\/\/amtest-group.com\/hu\/wp-json\/wp\/v2\/types\/product"}],"wp:attachment":[{"href":"https:\/\/amtest-group.com\/hu\/wp-json\/wp\/v2\/media?parent=239"}],"wp:term":[{"taxonomy":"category","embeddable":true,"href":"https:\/\/amtest-group.com\/hu\/wp-json\/wp\/v2\/categories?post=239"}],"curies":[{"name":"wp","href":"https:\/\/api.w.org\/{rel}","templated":true}]}}