{"id":237,"date":"2023-04-19T12:22:54","date_gmt":"2023-04-19T10:22:54","guid":{"rendered":"https:\/\/amtest.virtus3-projekti.com\/?post_type=product&#038;p=237"},"modified":"2023-05-25T14:02:45","modified_gmt":"2023-05-25T12:02:45","slug":"elite-automatic","status":"publish","type":"product","link":"https:\/\/amtest-group.com\/hu\/product\/elite-automatic\/","title":{"rendered":"Elite Automatic"},"content":{"rendered":"<p><span style=\"font-weight: 400;\">Az <\/span><b>Elite Automatic Co., Ltd.<\/b><span style=\"font-weight: 400;\">, egy 1989-ben alap\u00edtott tajvani v\u00e1llalat, az elm\u00falt 30 \u00e9vben\u00a0 h\u00edrnevet szerzett az SMT-iparban.<\/span><\/p>\n<p><span style=\"font-weight: 400;\">Az <\/span><b>Elite Automatic<\/b><span style=\"font-weight: 400;\"> a legjobb megold\u00e1s a PCB-PCBA darabol\u00e1shoz egy- vagy k\u00e9t asztalos offline vagy innovat\u00edv inline rendszereivel.<\/span><\/p>\n<p>&nbsp;<\/p>\n","protected":false},"excerpt":{"rendered":"<p>Az Elite Automatic Co., Ltd., egy 1989-ben alap\u00edtott tajvani v\u00e1llalat, az elm\u00falt 30 \u00e9vben\u00a0 h\u00edrnevet szerzett az SMT-iparban. Az Elite Automatic a legjobb megold\u00e1s a PCB-PCBA darabol\u00e1shoz egy- vagy k\u00e9t asztalos offline vagy innovat\u00edv inline rendszereivel. &nbsp;<\/p>\n","protected":false},"featured_media":0,"parent":0,"menu_order":0,"template":"template-product.php","meta":{"_uf_show_specific_survey":0,"_uf_disable_surveys":false},"categories":[159],"class_list":["post-237","product","type-product","status-publish","hentry","category-panel-darabolas"],"aioseo_notices":[],"_links":{"self":[{"href":"https:\/\/amtest-group.com\/hu\/wp-json\/wp\/v2\/product\/237","targetHints":{"allow":["GET"]}}],"collection":[{"href":"https:\/\/amtest-group.com\/hu\/wp-json\/wp\/v2\/product"}],"about":[{"href":"https:\/\/amtest-group.com\/hu\/wp-json\/wp\/v2\/types\/product"}],"wp:attachment":[{"href":"https:\/\/amtest-group.com\/hu\/wp-json\/wp\/v2\/media?parent=237"}],"wp:term":[{"taxonomy":"category","embeddable":true,"href":"https:\/\/amtest-group.com\/hu\/wp-json\/wp\/v2\/categories?post=237"}],"curies":[{"name":"wp","href":"https:\/\/api.w.org\/{rel}","templated":true}]}}