{"id":235,"date":"2023-04-19T12:20:36","date_gmt":"2023-04-19T10:20:36","guid":{"rendered":"https:\/\/amtest.virtus3-projekti.com\/?post_type=product&#038;p=235"},"modified":"2023-05-25T13:48:27","modified_gmt":"2023-05-25T11:48:27","slug":"e-flex-smt-microsystems","status":"publish","type":"product","link":"https:\/\/amtest-group.com\/hu\/product\/e-flex-smt-microsystems\/","title":{"rendered":"e-Flex SMT Microsystems"},"content":{"rendered":"<p><span style=\"font-weight: 400;\">A Hongkongban tal\u00e1lhat\u00f3 c\u00e9g szabv\u00e1nyos \u00e9s egyedi megold\u00e1sok sz\u00e9les sk\u00e1l\u00e1j\u00e1t k\u00edn\u00e1lja a PCB-PCBA kezel\u00e9s\u00e9hez vil\u00e1gszerte. <\/span><\/p>\n<p><span style=\"font-weight: 400;\">Az <\/span><b>E-Flex<\/b><span style=\"font-weight: 400;\"> minden ig\u00e9nyre megold\u00e1st k\u00edn\u00e1l a kedvez\u0151 \u00e1r mellett kiemelked\u0151 min\u0151s\u00e9gben, bele\u00e9rtve az alakk\u00f6vet\u0151 bevonatol\u00e1si projektek komplex t\u00f6meggy\u00e1rt\u00e1si megold\u00e1sainak integr\u00e1l\u00e1s\u00e1t is.<\/span><\/p>\n","protected":false},"excerpt":{"rendered":"<p>A Hongkongban tal\u00e1lhat\u00f3 c\u00e9g szabv\u00e1nyos \u00e9s egyedi megold\u00e1sok sz\u00e9les sk\u00e1l\u00e1j\u00e1t k\u00edn\u00e1lja a PCB-PCBA kezel\u00e9s\u00e9hez vil\u00e1gszerte. Az E-Flex minden ig\u00e9nyre megold\u00e1st k\u00edn\u00e1l a kedvez\u0151 \u00e1r mellett kiemelked\u0151 min\u0151s\u00e9gben, bele\u00e9rtve az alakk\u00f6vet\u0151 bevonatol\u00e1si projektek komplex t\u00f6meggy\u00e1rt\u00e1si megold\u00e1sainak integr\u00e1l\u00e1s\u00e1t is.<\/p>\n","protected":false},"featured_media":0,"parent":0,"menu_order":0,"template":"template-product.php","meta":{"_uf_show_specific_survey":0,"_uf_disable_surveys":false},"categories":[157],"class_list":["post-235","product","type-product","status-publish","hentry","category-panel-tovabbitas"],"aioseo_notices":[],"_links":{"self":[{"href":"https:\/\/amtest-group.com\/hu\/wp-json\/wp\/v2\/product\/235","targetHints":{"allow":["GET"]}}],"collection":[{"href":"https:\/\/amtest-group.com\/hu\/wp-json\/wp\/v2\/product"}],"about":[{"href":"https:\/\/amtest-group.com\/hu\/wp-json\/wp\/v2\/types\/product"}],"wp:attachment":[{"href":"https:\/\/amtest-group.com\/hu\/wp-json\/wp\/v2\/media?parent=235"}],"wp:term":[{"taxonomy":"category","embeddable":true,"href":"https:\/\/amtest-group.com\/hu\/wp-json\/wp\/v2\/categories?post=235"}],"curies":[{"name":"wp","href":"https:\/\/api.w.org\/{rel}","templated":true}]}}