{"id":234,"date":"2023-04-19T12:19:49","date_gmt":"2023-04-19T10:19:49","guid":{"rendered":"https:\/\/amtest.virtus3-projekti.com\/?post_type=product&#038;p=234"},"modified":"2024-09-18T13:14:31","modified_gmt":"2024-09-18T11:14:31","slug":"asscon","status":"publish","type":"product","link":"https:\/\/amtest-group.com\/hu\/product\/asscon\/","title":{"rendered":"Asscon"},"content":{"rendered":"<p><span style=\"font-weight: 400;\">Az <\/span><b>Asscon <\/b><span style=\"font-weight: 400;\">piacvezet\u0151 g\u0151zf\u00e1zis\u00fa forraszt\u00f3 c\u00e9g \u2013 t\u00f6bb mint 25 \u00e9ves gy\u00e1rt\u00e1si tapasztalattal rendelkezik n\u00e9metorsz\u00e1gi \u00fczem\u00e9ben.<\/span><\/p>\n<p><span style=\"font-weight: 400;\">Az alkatr\u00e9szek felmeleg\u00edt\u00e9s\u00e9hez a g\u0151zf\u00e1zis\u00fa forraszt\u00e1s azt a h\u0151energi\u00e1t haszn\u00e1lja fel, amely a h\u0151hordoz\u00f3 k\u00f6zeg g\u00e1z \u00e1llapotb\u00f3l foly\u00e9kony halmaz\u00e1llapot\u00fav\u00e1 t\u00f6rt\u00e9n\u0151 f\u00e1zisv\u00e1ltoz\u00e1sa sor\u00e1n bocs\u00e1t ki.<\/span><\/p>\n","protected":false},"excerpt":{"rendered":"<p>Az Asscon piacvezet\u0151 g\u0151zf\u00e1zis\u00fa forraszt\u00f3 c\u00e9g \u2013 t\u00f6bb mint 25 \u00e9ves gy\u00e1rt\u00e1si tapasztalattal rendelkezik n\u00e9metorsz\u00e1gi \u00fczem\u00e9ben. Az alkatr\u00e9szek felmeleg\u00edt\u00e9s\u00e9hez a g\u0151zf\u00e1zis\u00fa forraszt\u00e1s azt a h\u0151energi\u00e1t haszn\u00e1lja fel, amely a h\u0151hordoz\u00f3 k\u00f6zeg g\u00e1z \u00e1llapotb\u00f3l foly\u00e9kony halmaz\u00e1llapot\u00fav\u00e1 t\u00f6rt\u00e9n\u0151 f\u00e1zisv\u00e1ltoz\u00e1sa sor\u00e1n bocs\u00e1t ki.<\/p>\n","protected":false},"featured_media":0,"parent":0,"menu_order":0,"template":"template-product.php","meta":{"_uf_show_specific_survey":0,"_uf_disable_surveys":false},"categories":[156],"class_list":["post-234","product","type-product","status-publish","hentry","category-gozfazius-forrasztas"],"aioseo_notices":[],"_links":{"self":[{"href":"https:\/\/amtest-group.com\/hu\/wp-json\/wp\/v2\/product\/234","targetHints":{"allow":["GET"]}}],"collection":[{"href":"https:\/\/amtest-group.com\/hu\/wp-json\/wp\/v2\/product"}],"about":[{"href":"https:\/\/amtest-group.com\/hu\/wp-json\/wp\/v2\/types\/product"}],"wp:attachment":[{"href":"https:\/\/amtest-group.com\/hu\/wp-json\/wp\/v2\/media?parent=234"}],"wp:term":[{"taxonomy":"category","embeddable":true,"href":"https:\/\/amtest-group.com\/hu\/wp-json\/wp\/v2\/categories?post=234"}],"curies":[{"name":"wp","href":"https:\/\/api.w.org\/{rel}","templated":true}]}}