{"id":232,"date":"2023-04-19T12:17:10","date_gmt":"2023-04-19T10:17:10","guid":{"rendered":"https:\/\/amtest.virtus3-projekti.com\/?post_type=product&#038;p=232"},"modified":"2023-05-25T14:48:48","modified_gmt":"2023-05-25T12:48:48","slug":"heller-industries","status":"publish","type":"product","link":"https:\/\/amtest-group.com\/hu\/product\/heller-industries\/","title":{"rendered":"Heller Industries"},"content":{"rendered":"<p><b>Heller Industries<\/b><span style=\"font-weight: 400;\"> \u2013 glob\u00e1lis piacvezet\u0151 az SMT \u00e9s f\u00e9lvezet\u0151 forraszt\u00f3- \u00e9s kem\u00e9ny\u00edt\u0151rendszerek ter\u00fclet\u00e9n. 1960-ban alap\u00edtott\u00e1k az USA-ban.<\/span><\/p>\n<p><span style=\"font-weight: 400;\">Az ipar\u00e1gban megtal\u00e1lhat\u00f3 legr\u00f6videbb z\u00f3n\u00e1i a forraszt\u00f3profilok legjobb rugalmass\u00e1g\u00e1t, stabilit\u00e1s\u00e1t \u00e9s vez\u00e9rl\u00e9s\u00e9t biztos\u00edtj\u00e1k. A forraszt\u00f3rendszerek min\u00e9l r\u00f6videbb teljes hossza a m\u00e1sik fontos t\u00e9nyez\u0151, amely szerepet j\u00e1tszik a d\u00f6nt\u00e9sek sor\u00e1n.\u00a0<\/span><\/p>\n","protected":false},"excerpt":{"rendered":"<p>Heller Industries \u2013 glob\u00e1lis piacvezet\u0151 az SMT \u00e9s f\u00e9lvezet\u0151 forraszt\u00f3- \u00e9s kem\u00e9ny\u00edt\u0151rendszerek ter\u00fclet\u00e9n. 1960-ban alap\u00edtott\u00e1k az USA-ban. Az ipar\u00e1gban megtal\u00e1lhat\u00f3 legr\u00f6videbb z\u00f3n\u00e1i a forraszt\u00f3profilok legjobb rugalmass\u00e1g\u00e1t, stabilit\u00e1s\u00e1t \u00e9s vez\u00e9rl\u00e9s\u00e9t biztos\u00edtj\u00e1k. A forraszt\u00f3rendszerek min\u00e9l r\u00f6videbb teljes hossza a m\u00e1sik fontos t\u00e9nyez\u0151, amely szerepet j\u00e1tszik a d\u00f6nt\u00e9sek sor\u00e1n.\u00a0<\/p>\n","protected":false},"featured_media":0,"parent":0,"menu_order":0,"template":"template-product.php","meta":{"_uf_show_specific_survey":0,"_uf_disable_surveys":false},"categories":[154],"class_list":["post-232","product","type-product","status-publish","hentry","category-konvekcios-kemencek"],"aioseo_notices":[],"_links":{"self":[{"href":"https:\/\/amtest-group.com\/hu\/wp-json\/wp\/v2\/product\/232","targetHints":{"allow":["GET"]}}],"collection":[{"href":"https:\/\/amtest-group.com\/hu\/wp-json\/wp\/v2\/product"}],"about":[{"href":"https:\/\/amtest-group.com\/hu\/wp-json\/wp\/v2\/types\/product"}],"wp:attachment":[{"href":"https:\/\/amtest-group.com\/hu\/wp-json\/wp\/v2\/media?parent=232"}],"wp:term":[{"taxonomy":"category","embeddable":true,"href":"https:\/\/amtest-group.com\/hu\/wp-json\/wp\/v2\/categories?post=232"}],"curies":[{"name":"wp","href":"https:\/\/api.w.org\/{rel}","templated":true}]}}