{"id":231,"date":"2023-04-19T12:15:08","date_gmt":"2023-04-19T10:15:08","guid":{"rendered":"https:\/\/amtest.virtus3-projekti.com\/?post_type=product&#038;p=231"},"modified":"2023-05-25T14:18:21","modified_gmt":"2023-05-25T12:18:21","slug":"ese","status":"publish","type":"product","link":"https:\/\/amtest-group.com\/hu\/product\/ese\/","title":{"rendered":"ESE"},"content":{"rendered":"<p><span style=\"font-weight: 400;\">Az <\/span><b>ESE co.<\/b><span style=\"font-weight: 400;\">, D\u00e9l-Korea vezet\u0151 v\u00e1llalata, amely paszta nyomtat\u00f3kat \u00e9s megold\u00e1sokat fejleszt, gy\u00e1rt a fel\u00fclet szerelt technol\u00f3gi\u00e1hoz (SMT) \u00e9s f\u00e9lvezet\u0151kh\u00f6z.<\/span><\/p>\n","protected":false},"excerpt":{"rendered":"<p>Az ESE co., D\u00e9l-Korea vezet\u0151 v\u00e1llalata, amely paszta nyomtat\u00f3kat \u00e9s megold\u00e1sokat fejleszt, gy\u00e1rt a fel\u00fclet szerelt technol\u00f3gi\u00e1hoz (SMT) \u00e9s f\u00e9lvezet\u0151kh\u00f6z.<\/p>\n","protected":false},"featured_media":0,"parent":0,"menu_order":0,"template":"template-product.php","meta":{"_uf_show_specific_survey":0,"_uf_disable_surveys":false},"categories":[153],"class_list":["post-231","product","type-product","status-publish","hentry","category-nyomtatas"],"aioseo_notices":[],"_links":{"self":[{"href":"https:\/\/amtest-group.com\/hu\/wp-json\/wp\/v2\/product\/231","targetHints":{"allow":["GET"]}}],"collection":[{"href":"https:\/\/amtest-group.com\/hu\/wp-json\/wp\/v2\/product"}],"about":[{"href":"https:\/\/amtest-group.com\/hu\/wp-json\/wp\/v2\/types\/product"}],"wp:attachment":[{"href":"https:\/\/amtest-group.com\/hu\/wp-json\/wp\/v2\/media?parent=231"}],"wp:term":[{"taxonomy":"category","embeddable":true,"href":"https:\/\/amtest-group.com\/hu\/wp-json\/wp\/v2\/categories?post=231"}],"curies":[{"name":"wp","href":"https:\/\/api.w.org\/{rel}","templated":true}]}}