{"id":229,"date":"2023-04-19T12:08:24","date_gmt":"2023-04-19T10:08:24","guid":{"rendered":"https:\/\/amtest.virtus3-projekti.com\/?post_type=product&#038;p=229"},"modified":"2023-09-06T12:51:35","modified_gmt":"2023-09-06T10:51:35","slug":"hanwha-techwin","status":"publish","type":"product","link":"https:\/\/amtest-group.com\/hu\/product\/hanwha-techwin\/","title":{"rendered":"Hanwha Techwin"},"content":{"rendered":"<p><b>Hanwha Techwin<\/b><span style=\"font-weight: 400;\"> Pick and Place g\u00e9pek \u2013 A kor\u00e1bban Samsung Techwin n\u00e9ven ismert gy\u00e1rt\u00f3 \u00e1tfog\u00f3 megold\u00e1s-portf\u00f3li\u00f3val rendelkezik a High mix \u2013 Low volumen gy\u00e1rt\u00e1st\u00f3l a High volumen \u2013 Low mix gy\u00e1rt\u00e1sig.<\/span><\/p>\n","protected":false},"excerpt":{"rendered":"<p>Hanwha Techwin Pick and Place g\u00e9pek \u2013 A kor\u00e1bban Samsung Techwin n\u00e9ven ismert gy\u00e1rt\u00f3 \u00e1tfog\u00f3 megold\u00e1s-portf\u00f3li\u00f3val rendelkezik a High mix \u2013 Low volumen gy\u00e1rt\u00e1st\u00f3l a High volumen \u2013 Low mix gy\u00e1rt\u00e1sig.<\/p>\n","protected":false},"featured_media":0,"parent":0,"menu_order":0,"template":"template-product.php","meta":{"_uf_show_specific_survey":0,"_uf_disable_surveys":false},"categories":[152],"class_list":["post-229","product","type-product","status-publish","hentry","category-pick-place-hu"],"aioseo_notices":[],"_links":{"self":[{"href":"https:\/\/amtest-group.com\/hu\/wp-json\/wp\/v2\/product\/229","targetHints":{"allow":["GET"]}}],"collection":[{"href":"https:\/\/amtest-group.com\/hu\/wp-json\/wp\/v2\/product"}],"about":[{"href":"https:\/\/amtest-group.com\/hu\/wp-json\/wp\/v2\/types\/product"}],"wp:attachment":[{"href":"https:\/\/amtest-group.com\/hu\/wp-json\/wp\/v2\/media?parent=229"}],"wp:term":[{"taxonomy":"category","embeddable":true,"href":"https:\/\/amtest-group.com\/hu\/wp-json\/wp\/v2\/categories?post=229"}],"curies":[{"name":"wp","href":"https:\/\/api.w.org\/{rel}","templated":true}]}}