{"id":228,"date":"2023-04-19T11:36:24","date_gmt":"2023-04-19T09:36:24","guid":{"rendered":"https:\/\/amtest.virtus3-projekti.com\/?post_type=product&#038;p=228"},"modified":"2023-05-25T15:02:22","modified_gmt":"2023-05-25T13:02:22","slug":"jbc","status":"publish","type":"product","link":"https:\/\/amtest-group.com\/hu\/product\/jbc\/","title":{"rendered":"JBC"},"content":{"rendered":"<p><span style=\"font-weight: 400;\">A <\/span><b>JBC<\/b><span style=\"font-weight: 400;\"> a k\u00e9zi forraszt\u00e1si \u00e9s nyomtatott \u00e1ramk\u00f6ri lap jav\u00edt\u00f3 berendez\u00e9sek vezet\u0151 glob\u00e1lis sz\u00e1ll\u00edt\u00f3ja. <\/span><\/p>\n<p><span style=\"font-weight: 400;\">T\u00f6bb mint 90 \u00e9ves tapasztalata a <strong>JBC<\/strong>-t az elektronikai forraszt\u00e1si \u00e9s ut\u00f3munk\u00e1lati m\u0171veletek technol\u00f3giai \u00e9lvonal\u00e1ba helyezte.<\/span><\/p>\n<p>&nbsp;<\/p>\n","protected":false},"excerpt":{"rendered":"<p>A JBC a k\u00e9zi forraszt\u00e1si \u00e9s nyomtatott \u00e1ramk\u00f6ri lap jav\u00edt\u00f3 berendez\u00e9sek vezet\u0151 glob\u00e1lis sz\u00e1ll\u00edt\u00f3ja. T\u00f6bb mint 90 \u00e9ves tapasztalata a JBC-t az elektronikai forraszt\u00e1si \u00e9s ut\u00f3munk\u00e1lati m\u0171veletek technol\u00f3giai \u00e9lvonal\u00e1ba helyezte. &nbsp;<\/p>\n","protected":false},"featured_media":0,"parent":0,"menu_order":0,"template":"template-product.php","meta":{"_uf_show_specific_survey":0,"_uf_disable_surveys":false},"categories":[151],"class_list":["post-228","product","type-product","status-publish","hentry","category-kezi-forrasztas"],"aioseo_notices":[],"_links":{"self":[{"href":"https:\/\/amtest-group.com\/hu\/wp-json\/wp\/v2\/product\/228","targetHints":{"allow":["GET"]}}],"collection":[{"href":"https:\/\/amtest-group.com\/hu\/wp-json\/wp\/v2\/product"}],"about":[{"href":"https:\/\/amtest-group.com\/hu\/wp-json\/wp\/v2\/types\/product"}],"wp:attachment":[{"href":"https:\/\/amtest-group.com\/hu\/wp-json\/wp\/v2\/media?parent=228"}],"wp:term":[{"taxonomy":"category","embeddable":true,"href":"https:\/\/amtest-group.com\/hu\/wp-json\/wp\/v2\/categories?post=228"}],"curies":[{"name":"wp","href":"https:\/\/api.w.org\/{rel}","templated":true}]}}