{"id":227,"date":"2023-04-19T11:35:35","date_gmt":"2023-04-19T09:35:35","guid":{"rendered":"https:\/\/amtest.virtus3-projekti.com\/?post_type=product&#038;p=227"},"modified":"2023-05-25T16:01:32","modified_gmt":"2023-05-25T14:01:32","slug":"nordson-select","status":"publish","type":"product","link":"https:\/\/amtest-group.com\/hu\/product\/nordson-select\/","title":{"rendered":"Nordson Select"},"content":{"rendered":"<p><span style=\"font-weight: 400;\">A Nordson, a n\u00e9metorsz\u00e1gi <\/span><b>Nordson Select<\/b><span style=\"font-weight: 400;\"> gy\u00e1rt\u00f3 l\u00e9tes\u00edtm\u00e9nyeivel rendelkez\u0151 NASDAQ v\u00e1llalat a szelekt\u00edv forraszt\u00e1si megold\u00e1sok gyorsan n\u00f6vekv\u0151 gy\u00e1rt\u00f3ja, amelyet glob\u00e1lis szervizh\u00e1l\u00f3zat t\u00e1mogat.<\/span><\/p>\n","protected":false},"excerpt":{"rendered":"<p>A Nordson, a n\u00e9metorsz\u00e1gi Nordson Select gy\u00e1rt\u00f3 l\u00e9tes\u00edtm\u00e9nyeivel rendelkez\u0151 NASDAQ v\u00e1llalat a szelekt\u00edv forraszt\u00e1si megold\u00e1sok gyorsan n\u00f6vekv\u0151 gy\u00e1rt\u00f3ja, amelyet glob\u00e1lis szervizh\u00e1l\u00f3zat t\u00e1mogat.<\/p>\n","protected":false},"featured_media":0,"parent":0,"menu_order":0,"template":"template-product.php","meta":{"_uf_show_specific_survey":0,"_uf_disable_surveys":false},"categories":[150],"class_list":["post-227","product","type-product","status-publish","hentry","category-szelektiv-forrasztas"],"aioseo_notices":[],"_links":{"self":[{"href":"https:\/\/amtest-group.com\/hu\/wp-json\/wp\/v2\/product\/227","targetHints":{"allow":["GET"]}}],"collection":[{"href":"https:\/\/amtest-group.com\/hu\/wp-json\/wp\/v2\/product"}],"about":[{"href":"https:\/\/amtest-group.com\/hu\/wp-json\/wp\/v2\/types\/product"}],"wp:attachment":[{"href":"https:\/\/amtest-group.com\/hu\/wp-json\/wp\/v2\/media?parent=227"}],"wp:term":[{"taxonomy":"category","embeddable":true,"href":"https:\/\/amtest-group.com\/hu\/wp-json\/wp\/v2\/categories?post=227"}],"curies":[{"name":"wp","href":"https:\/\/api.w.org\/{rel}","templated":true}]}}