{"id":226,"date":"2023-04-19T11:27:33","date_gmt":"2023-04-19T09:27:33","guid":{"rendered":"https:\/\/amtest.virtus3-projekti.com\/?post_type=product&#038;p=226"},"modified":"2023-05-25T13:27:16","modified_gmt":"2023-05-25T11:27:16","slug":"cyberoptics","status":"publish","type":"product","link":"https:\/\/amtest-group.com\/hu\/product\/cyberoptics\/","title":{"rendered":"CyberOptics"},"content":{"rendered":"<p><span style=\"font-weight: 400;\">A <\/span><b>CyberOptics<\/b><span style=\"font-weight: 400;\"> a nagy pontoss\u00e1g\u00fa 3D \u00e9rz\u00e9kel\u0151 technol\u00f3giai megold\u00e1sok vezet\u0151 glob\u00e1lis fejleszt\u0151je \u00e9s gy\u00e1rt\u00f3ja.<\/span><\/p>\n<p><span style=\"font-weight: 400;\">Az <strong>SQ3000<\/strong> egy minden az egyben megold\u00e1s, amely hat\u00e9kony eszk\u00f6z\u00f6kkel rendelkezik az AOI, SPI \u00e9s CMM alkalmaz\u00e1sok ter\u00fclet\u00e9n.<\/span><\/p>\n","protected":false},"excerpt":{"rendered":"<p>A CyberOptics a nagy pontoss\u00e1g\u00fa 3D \u00e9rz\u00e9kel\u0151 technol\u00f3giai megold\u00e1sok vezet\u0151 glob\u00e1lis fejleszt\u0151je \u00e9s gy\u00e1rt\u00f3ja. Az SQ3000 egy minden az egyben megold\u00e1s, amely hat\u00e9kony eszk\u00f6z\u00f6kkel rendelkezik az AOI, SPI \u00e9s CMM alkalmaz\u00e1sok ter\u00fclet\u00e9n.<\/p>\n","protected":false},"featured_media":0,"parent":0,"menu_order":0,"template":"template-product.php","meta":{"_uf_show_specific_survey":0,"_uf_disable_surveys":false},"categories":[149],"class_list":["post-226","product","type-product","status-publish","hentry","category-3d-aoi-3d-spi-hu"],"aioseo_notices":[],"_links":{"self":[{"href":"https:\/\/amtest-group.com\/hu\/wp-json\/wp\/v2\/product\/226","targetHints":{"allow":["GET"]}}],"collection":[{"href":"https:\/\/amtest-group.com\/hu\/wp-json\/wp\/v2\/product"}],"about":[{"href":"https:\/\/amtest-group.com\/hu\/wp-json\/wp\/v2\/types\/product"}],"wp:attachment":[{"href":"https:\/\/amtest-group.com\/hu\/wp-json\/wp\/v2\/media?parent=226"}],"wp:term":[{"taxonomy":"category","embeddable":true,"href":"https:\/\/amtest-group.com\/hu\/wp-json\/wp\/v2\/categories?post=226"}],"curies":[{"name":"wp","href":"https:\/\/api.w.org\/{rel}","templated":true}]}}