{"id":225,"date":"2023-04-19T11:26:02","date_gmt":"2023-04-19T09:26:02","guid":{"rendered":"https:\/\/amtest.virtus3-projekti.com\/?post_type=product&#038;p=225"},"modified":"2024-09-18T13:22:41","modified_gmt":"2024-09-18T11:22:41","slug":"ab-chimie","status":"publish","type":"product","link":"https:\/\/amtest-group.com\/hu\/product\/ab-chimie\/","title":{"rendered":"AB Chimie"},"content":{"rendered":"<p><span style=\"font-weight: 400;\">A franciaorsz\u00e1gi sz\u00e9khely\u0171 <\/span><b>AB Chimie<\/b><span style=\"font-weight: 400;\"> elektronikai \u00e1ramk\u00f6r\u00f6k v\u00e9delmi \u00e9s tiszt\u00edt\u00f3 megold\u00e1sait fejleszti \u00e9s gy\u00e1rtja.<\/span><\/p>\n<p><span style=\"font-weight: 400;\">A gy\u00e1rtott term\u00e9kek gyant\u00e1kb\u00f3l, konform bevonatokb\u00f3l \u00e9s szilikonokb\u00f3l, valamint tiszt\u00edt\u00f3oldatokb\u00f3l \u00e1llnak.<\/span><\/p>\n","protected":false},"excerpt":{"rendered":"<p>A franciaorsz\u00e1gi sz\u00e9khely\u0171 AB Chimie elektronikai \u00e1ramk\u00f6r\u00f6k v\u00e9delmi \u00e9s tiszt\u00edt\u00f3 megold\u00e1sait fejleszti \u00e9s gy\u00e1rtja. A gy\u00e1rtott term\u00e9kek gyant\u00e1kb\u00f3l, konform bevonatokb\u00f3l \u00e9s szilikonokb\u00f3l, valamint tiszt\u00edt\u00f3oldatokb\u00f3l \u00e1llnak.<\/p>\n","protected":false},"featured_media":0,"parent":0,"menu_order":0,"template":"template-product.php","meta":{"_uf_show_specific_survey":0,"_uf_disable_surveys":false},"categories":[148],"class_list":["post-225","product","type-product","status-publish","hentry","category-lakk"],"aioseo_notices":[],"_links":{"self":[{"href":"https:\/\/amtest-group.com\/hu\/wp-json\/wp\/v2\/product\/225","targetHints":{"allow":["GET"]}}],"collection":[{"href":"https:\/\/amtest-group.com\/hu\/wp-json\/wp\/v2\/product"}],"about":[{"href":"https:\/\/amtest-group.com\/hu\/wp-json\/wp\/v2\/types\/product"}],"wp:attachment":[{"href":"https:\/\/amtest-group.com\/hu\/wp-json\/wp\/v2\/media?parent=225"}],"wp:term":[{"taxonomy":"category","embeddable":true,"href":"https:\/\/amtest-group.com\/hu\/wp-json\/wp\/v2\/categories?post=225"}],"curies":[{"name":"wp","href":"https:\/\/api.w.org\/{rel}","templated":true}]}}