{"id":224,"date":"2023-05-12T11:11:54","date_gmt":"2023-05-12T09:11:54","guid":{"rendered":"https:\/\/amtest.virtus3-projekti.com\/?post_type=product&#038;p=224"},"modified":"2023-05-25T15:42:41","modified_gmt":"2023-05-25T13:42:41","slug":"nordson-asymtek-3","status":"publish","type":"product","link":"https:\/\/amtest-group.com\/hu\/product\/nordson-asymtek-3\/","title":{"rendered":"Nordson Asymtek"},"content":{"rendered":"<p><span style=\"font-weight: 400;\">A <strong>Nordson<\/strong> \u2013 egy NASDAQ v\u00e1llalat, amelynek gy\u00e1rt\u00f3 egys\u00e9gei az Egyes\u00fclt \u00c1llamokban tal\u00e1lhat\u00f3ak \u2013 d\u00edjnyertes automatiz\u00e1lt folyad\u00e9kadagol\u00f3 rendszerei \u00e9s berendez\u00e9sei gyorsas\u00e1got, pontoss\u00e1got \u00e9s rugalmass\u00e1got biztos\u00edtanak a prec\u00edz \u00e9s ig\u00e9nyes alkalmaz\u00e1sokhoz. <\/span><\/p>\n<p><span style=\"font-weight: 400;\">A d\u00edjnyertes f\u00fav\u00f3k\u00e1k \u00e9s szelepek biztos\u00edtj\u00e1k a folyad\u00e9kok sz\u00e9les v\u00e1laszt\u00e9k\u00e1nak adagol\u00e1s\u00e1t, hogy megfeleljenek a gy\u00e1rt\u00f3i k\u00f6vetelm\u00e9nyeknek.<\/span><\/p>\n","protected":false},"excerpt":{"rendered":"<p>A Nordson \u2013 egy NASDAQ v\u00e1llalat, amelynek gy\u00e1rt\u00f3 egys\u00e9gei az Egyes\u00fclt \u00c1llamokban tal\u00e1lhat\u00f3ak \u2013 d\u00edjnyertes automatiz\u00e1lt folyad\u00e9kadagol\u00f3 rendszerei \u00e9s berendez\u00e9sei gyorsas\u00e1got, pontoss\u00e1got \u00e9s rugalmass\u00e1got biztos\u00edtanak a prec\u00edz \u00e9s ig\u00e9nyes alkalmaz\u00e1sokhoz. A d\u00edjnyertes f\u00fav\u00f3k\u00e1k \u00e9s szelepek biztos\u00edtj\u00e1k a folyad\u00e9kok sz\u00e9les v\u00e1laszt\u00e9k\u00e1nak adagol\u00e1s\u00e1t, hogy megfeleljenek a gy\u00e1rt\u00f3i k\u00f6vetelm\u00e9nyeknek.<\/p>\n","protected":false},"featured_media":0,"parent":0,"menu_order":0,"template":"template-product.php","meta":{"_uf_show_specific_survey":0,"_uf_disable_surveys":false},"categories":[147],"class_list":["post-224","product","type-product","status-publish","hentry","category-adagolas-technika"],"aioseo_notices":[],"_links":{"self":[{"href":"https:\/\/amtest-group.com\/hu\/wp-json\/wp\/v2\/product\/224","targetHints":{"allow":["GET"]}}],"collection":[{"href":"https:\/\/amtest-group.com\/hu\/wp-json\/wp\/v2\/product"}],"about":[{"href":"https:\/\/amtest-group.com\/hu\/wp-json\/wp\/v2\/types\/product"}],"wp:attachment":[{"href":"https:\/\/amtest-group.com\/hu\/wp-json\/wp\/v2\/media?parent=224"}],"wp:term":[{"taxonomy":"category","embeddable":true,"href":"https:\/\/amtest-group.com\/hu\/wp-json\/wp\/v2\/categories?post=224"}],"curies":[{"name":"wp","href":"https:\/\/api.w.org\/{rel}","templated":true}]}}