{"id":223,"date":"2023-04-19T11:20:13","date_gmt":"2023-04-19T09:20:13","guid":{"rendered":"https:\/\/amtest.virtus3-projekti.com\/?post_type=product&#038;p=223"},"modified":"2023-05-25T15:34:44","modified_gmt":"2023-05-25T13:34:44","slug":"nordson-asymtek-2","status":"publish","type":"product","link":"https:\/\/amtest-group.com\/hu\/product\/nordson-asymtek-2\/","title":{"rendered":"Nordson Asymtek"},"content":{"rendered":"<p><span style=\"font-weight: 400;\">Az FX-940UV automata optikai lakkvizsg\u00e1l\u00f3 berendez\u00e9s egyszer\u0171v\u00e9 \u00e9s k\u00e9nyelmess\u00e9 teszi a megfelel\u0151 bevonatok ellen\u0151rz\u00e9s\u00e9t az\u00e1ltal, hogy automatiz\u00e1lja a bevonatok min\u0151s\u00e9g\u00e9nek, konzisztenci\u00e1j\u00e1nak \u00e9s vastags\u00e1g\u00e1nak ellen\u0151rz\u00e9s\u00e9t UV megvil\u00e1g\u00edt\u00e1s mellett, szabadalmaztatott ellen\u0151rz\u0151 algoritmusok haszn\u00e1lat\u00e1val.\u00a0<\/span><\/p>\n","protected":false},"excerpt":{"rendered":"<p>Az FX-940UV automata optikai lakkvizsg\u00e1l\u00f3 berendez\u00e9s egyszer\u0171v\u00e9 \u00e9s k\u00e9nyelmess\u00e9 teszi a megfelel\u0151 bevonatok ellen\u0151rz\u00e9s\u00e9t az\u00e1ltal, hogy automatiz\u00e1lja a bevonatok min\u0151s\u00e9g\u00e9nek, konzisztenci\u00e1j\u00e1nak \u00e9s vastags\u00e1g\u00e1nak ellen\u0151rz\u00e9s\u00e9t UV megvil\u00e1g\u00edt\u00e1s mellett, szabadalmaztatott ellen\u0151rz\u0151 algoritmusok haszn\u00e1lat\u00e1val.\u00a0<\/p>\n","protected":false},"featured_media":0,"parent":0,"menu_order":0,"template":"template-product.php","meta":{"_uf_show_specific_survey":0,"_uf_disable_surveys":false},"categories":[146],"class_list":["post-223","product","type-product","status-publish","hentry","category-bevonat-ellenorzes"],"aioseo_notices":[],"_links":{"self":[{"href":"https:\/\/amtest-group.com\/hu\/wp-json\/wp\/v2\/product\/223","targetHints":{"allow":["GET"]}}],"collection":[{"href":"https:\/\/amtest-group.com\/hu\/wp-json\/wp\/v2\/product"}],"about":[{"href":"https:\/\/amtest-group.com\/hu\/wp-json\/wp\/v2\/types\/product"}],"wp:attachment":[{"href":"https:\/\/amtest-group.com\/hu\/wp-json\/wp\/v2\/media?parent=223"}],"wp:term":[{"taxonomy":"category","embeddable":true,"href":"https:\/\/amtest-group.com\/hu\/wp-json\/wp\/v2\/categories?post=223"}],"curies":[{"name":"wp","href":"https:\/\/api.w.org\/{rel}","templated":true}]}}