{"id":222,"date":"2023-04-19T11:18:07","date_gmt":"2023-04-19T09:18:07","guid":{"rendered":"https:\/\/amtest.virtus3-projekti.com\/?post_type=product&#038;p=222"},"modified":"2023-05-25T14:26:20","modified_gmt":"2023-05-25T12:26:20","slug":"exelsius","status":"publish","type":"product","link":"https:\/\/amtest-group.com\/hu\/product\/exelsius\/","title":{"rendered":"Exelsius"},"content":{"rendered":"<p><span style=\"font-weight: 400;\">Az <\/span><b>Exelsius<\/b><span style=\"font-weight: 400;\"> 1990 \u00f3ta tervez, gy\u00e1rt \u00e9s szervizel vil\u00e1gsz\u00ednvonal\u00fa berendez\u00e9seket a PCBA-ipar sz\u00e1m\u00e1ra az Aerospace &amp; Defense-t\u0151l az aut\u00f3ipari \u00e9s elektronikai gy\u00e1rt\u00e1si szolg\u00e1ltat\u00e1sokig.<\/span><\/p>\n","protected":false},"excerpt":{"rendered":"<p>Az Exelsius 1990 \u00f3ta tervez, gy\u00e1rt \u00e9s szervizel vil\u00e1gsz\u00ednvonal\u00fa berendez\u00e9seket a PCBA-ipar sz\u00e1m\u00e1ra az Aerospace &amp; Defense-t\u0151l az aut\u00f3ipari \u00e9s elektronikai gy\u00e1rt\u00e1si szolg\u00e1ltat\u00e1sokig.<\/p>\n","protected":false},"featured_media":0,"parent":0,"menu_order":0,"template":"template-product.php","meta":{"_uf_show_specific_survey":0,"_uf_disable_surveys":false},"categories":[145],"class_list":["post-222","product","type-product","status-publish","hentry","category-plazma-aktivacio"],"aioseo_notices":[],"_links":{"self":[{"href":"https:\/\/amtest-group.com\/hu\/wp-json\/wp\/v2\/product\/222","targetHints":{"allow":["GET"]}}],"collection":[{"href":"https:\/\/amtest-group.com\/hu\/wp-json\/wp\/v2\/product"}],"about":[{"href":"https:\/\/amtest-group.com\/hu\/wp-json\/wp\/v2\/types\/product"}],"wp:attachment":[{"href":"https:\/\/amtest-group.com\/hu\/wp-json\/wp\/v2\/media?parent=222"}],"wp:term":[{"taxonomy":"category","embeddable":true,"href":"https:\/\/amtest-group.com\/hu\/wp-json\/wp\/v2\/categories?post=222"}],"curies":[{"name":"wp","href":"https:\/\/api.w.org\/{rel}","templated":true}]}}