{"id":221,"date":"2023-04-19T11:15:52","date_gmt":"2023-04-19T09:15:52","guid":{"rendered":"https:\/\/amtest.virtus3-projekti.com\/?post_type=product&#038;p=221"},"modified":"2023-09-06T12:44:23","modified_gmt":"2023-09-06T10:44:23","slug":"nordson-asymtek","status":"publish","type":"product","link":"https:\/\/amtest-group.com\/hu\/product\/nordson-asymtek\/","title":{"rendered":"Nordson Asymtek"},"content":{"rendered":"<p><span style=\"font-weight: 400;\">A <\/span><b>Nordson<\/b><span style=\"font-weight: 400;\"> \u2013 egy NASDAQ v\u00e1llalat, amelynek gy\u00e1rt\u00f3 egys\u00e9gei az Egyes\u00fclt \u00c1llamokban tal\u00e1lhat\u00f3ak \u2013 \u00e9s a szelekt\u00edv bevonatmegold\u00e1sok vezet\u0151 besz\u00e1ll\u00edt\u00f3ja a vil\u00e1gon.<\/span><\/p>\n<p><span style=\"font-weight: 400;\">Szeleptechnol\u00f3gi\u00e1ja fel\u00fclm\u00falhatatlan &#8211; a filmbevon\u00f3 szelep\u00e9t\u0151l &#8211; az SC-280-t\u00f3l &#8211; a nem porlasztott egyedi \u00e9lmeghat\u00e1roz\u00e1s \u00e9s adagol\u00e1si sebess\u00e9g &#8211; a mikroelektronik\u00e1hoz haszn\u00e1lt SC-400 f\u00fav\u00f3k\u00e1s t\u0171ig &#8211; mindezeket a l\u00e9zeres ventil\u00e1torsz\u00e9less\u00e9g-szab\u00e1lyoz\u00e1s folyamatszab\u00e1lyoz\u00e1sa t\u00e1mogatja. f\u0171t\u00f6tt keringtet\u0151 rendszerek &#8211; \u00e1raml\u00e1sfigyel\u00e9s \u00e9s szab\u00e1lyoz\u00e1s.<\/span><\/p>\n","protected":false},"excerpt":{"rendered":"<p>A Nordson \u2013 egy NASDAQ v\u00e1llalat, amelynek gy\u00e1rt\u00f3 egys\u00e9gei az Egyes\u00fclt \u00c1llamokban tal\u00e1lhat\u00f3ak \u2013 \u00e9s a szelekt\u00edv bevonatmegold\u00e1sok vezet\u0151 besz\u00e1ll\u00edt\u00f3ja a vil\u00e1gon. Szeleptechnol\u00f3gi\u00e1ja fel\u00fclm\u00falhatatlan &#8211; a filmbevon\u00f3 szelep\u00e9t\u0151l &#8211; az SC-280-t\u00f3l &#8211; a nem porlasztott egyedi \u00e9lmeghat\u00e1roz\u00e1s \u00e9s adagol\u00e1si sebess\u00e9g &#8211; a mikroelektronik\u00e1hoz haszn\u00e1lt SC-400 f\u00fav\u00f3k\u00e1s t\u0171ig &#8211; mindezeket a l\u00e9zeres ventil\u00e1torsz\u00e9less\u00e9g-szab\u00e1lyoz\u00e1s folyamatszab\u00e1lyoz\u00e1sa t\u00e1mogatja. f\u0171t\u00f6tt [&hellip;]<\/p>\n","protected":false},"featured_media":0,"parent":0,"menu_order":0,"template":"template-product.php","meta":{"_uf_show_specific_survey":0,"_uf_disable_surveys":false},"categories":[144],"class_list":["post-221","product","type-product","status-publish","hentry","category-szelektiv-bevonat"],"aioseo_notices":[],"_links":{"self":[{"href":"https:\/\/amtest-group.com\/hu\/wp-json\/wp\/v2\/product\/221","targetHints":{"allow":["GET"]}}],"collection":[{"href":"https:\/\/amtest-group.com\/hu\/wp-json\/wp\/v2\/product"}],"about":[{"href":"https:\/\/amtest-group.com\/hu\/wp-json\/wp\/v2\/types\/product"}],"wp:attachment":[{"href":"https:\/\/amtest-group.com\/hu\/wp-json\/wp\/v2\/media?parent=221"}],"wp:term":[{"taxonomy":"category","embeddable":true,"href":"https:\/\/amtest-group.com\/hu\/wp-json\/wp\/v2\/categories?post=221"}],"curies":[{"name":"wp","href":"https:\/\/api.w.org\/{rel}","templated":true}]}}