{"id":2144,"date":"2023-05-02T11:47:41","date_gmt":"2023-05-02T09:47:41","guid":{"rendered":"https:\/\/amtest.virtus3-projekti.com\/product\/bdtronic-2\/"},"modified":"2023-05-25T12:50:00","modified_gmt":"2023-05-25T10:50:00","slug":"bdtronic-2","status":"publish","type":"product","link":"https:\/\/amtest-group.com\/hu\/product\/bdtronic-2\/","title":{"rendered":"bdtronic"},"content":{"rendered":"<p>A <strong>bdtronic Gmbh<\/strong> a vil\u00e1g vezet\u0151 folyamat \u00e9s rendszer megold\u00e1sokat k\u00edn\u00e1l\u00f3 gy\u00e1rt\u00f3ja az adagol\u00e1si, impregn\u00e1l\u00e1si, meleg elnyom\u00e1sos \u00e9s plasma kezel\u00e9si technol\u00f3gi\u00e1kra.<\/p>\n<p>A sz\u00e9les term\u00e9 portf\u00f3li\u00f3j\u00e1val a <strong>bdtronic<\/strong> sz\u00e1mos partner\u00e9t szolg\u00e1lja ki a k\u00fcl\u00f6nb\u00f6z\u0151 ipar\u00e1gakb\u00f3l, els\u0151sorban az aut\u00f3ipari \u00e9s az elektronikai ipari szegmensb\u0151l.<\/p>\n","protected":false},"excerpt":{"rendered":"<p>A bdtronic Gmbh a vil\u00e1g vezet\u0151 folyamat \u00e9s rendszer megold\u00e1sokat k\u00edn\u00e1l\u00f3 gy\u00e1rt\u00f3ja az adagol\u00e1si, impregn\u00e1l\u00e1si, meleg elnyom\u00e1sos \u00e9s plasma kezel\u00e9si technol\u00f3gi\u00e1kra. A sz\u00e9les term\u00e9 portf\u00f3li\u00f3j\u00e1val a bdtronic sz\u00e1mos partner\u00e9t szolg\u00e1lja ki a k\u00fcl\u00f6nb\u00f6z\u0151 ipar\u00e1gakb\u00f3l, els\u0151sorban az aut\u00f3ipari \u00e9s az elektronikai ipari szegmensb\u0151l.<\/p>\n","protected":false},"featured_media":0,"parent":0,"menu_order":0,"template":"template-product.php","meta":{"_uf_show_specific_survey":0,"_uf_disable_surveys":false},"categories":[145],"class_list":["post-2144","product","type-product","status-publish","hentry","category-plazma-aktivacio"],"aioseo_notices":[],"_links":{"self":[{"href":"https:\/\/amtest-group.com\/hu\/wp-json\/wp\/v2\/product\/2144","targetHints":{"allow":["GET"]}}],"collection":[{"href":"https:\/\/amtest-group.com\/hu\/wp-json\/wp\/v2\/product"}],"about":[{"href":"https:\/\/amtest-group.com\/hu\/wp-json\/wp\/v2\/types\/product"}],"wp:attachment":[{"href":"https:\/\/amtest-group.com\/hu\/wp-json\/wp\/v2\/media?parent=2144"}],"wp:term":[{"taxonomy":"category","embeddable":true,"href":"https:\/\/amtest-group.com\/hu\/wp-json\/wp\/v2\/categories?post=2144"}],"curies":[{"name":"wp","href":"https:\/\/api.w.org\/{rel}","templated":true}]}}