{"id":2140,"date":"2023-05-02T11:42:58","date_gmt":"2023-05-02T09:42:58","guid":{"rendered":"https:\/\/amtest.virtus3-projekti.com\/product\/mstech\/"},"modified":"2023-11-13T19:28:46","modified_gmt":"2023-11-13T18:28:46","slug":"mstech","status":"publish","type":"product","link":"https:\/\/amtest-group.com\/hu\/product\/mstech\/","title":{"rendered":"MSTech"},"content":{"rendered":"<p>Az 1996-ban alap\u00edtott <strong>MSTECH<\/strong> t\u00f6bb mint 20 \u00e9ves tapasztalattal rendelkezik az elektronikai ipari r\u00e9sztvev\u0151k sz\u00e1m\u00e1ra k\u00edn\u00e1lt paneldarabol\u00e1si megold\u00e1sokban<\/p>\n<p>Az \u00e9vek sor\u00e1n a vezet\u0151 v\u00e1llalatok legszigor\u00fabb szabv\u00e1nyait fel\u00fclm\u00falva megalapoz\u00e1t\u00e1k vezet\u0151 szerep\u00fcket a k\u00fcl\u00f6nb\u00f6z\u0151 \u00e1gazatokban, mint p\u00e9ld\u00e1ul a fogyaszt\u00f3i elektronika, a mobiltelefonok \u00e9s az aut\u00f3ipar.<\/p>\n","protected":false},"excerpt":{"rendered":"<p>Az 1996-ban alap\u00edtott MSTECH t\u00f6bb mint 20 \u00e9ves tapasztalattal rendelkezik az elektronikai ipari r\u00e9sztvev\u0151k sz\u00e1m\u00e1ra k\u00edn\u00e1lt paneldarabol\u00e1si megold\u00e1sokban Az \u00e9vek sor\u00e1n a vezet\u0151 v\u00e1llalatok legszigor\u00fabb szabv\u00e1nyait fel\u00fclm\u00falva megalapoz\u00e1t\u00e1k vezet\u0151 szerep\u00fcket a k\u00fcl\u00f6nb\u00f6z\u0151 \u00e1gazatokban, mint p\u00e9ld\u00e1ul a fogyaszt\u00f3i elektronika, a mobiltelefonok \u00e9s az aut\u00f3ipar.<\/p>\n","protected":false},"featured_media":0,"parent":0,"menu_order":0,"template":"template-product.php","meta":{"_uf_show_specific_survey":0,"_uf_disable_surveys":false},"categories":[159],"class_list":["post-2140","product","type-product","status-publish","hentry","category-panel-darabolas"],"aioseo_notices":[],"_links":{"self":[{"href":"https:\/\/amtest-group.com\/hu\/wp-json\/wp\/v2\/product\/2140","targetHints":{"allow":["GET"]}}],"collection":[{"href":"https:\/\/amtest-group.com\/hu\/wp-json\/wp\/v2\/product"}],"about":[{"href":"https:\/\/amtest-group.com\/hu\/wp-json\/wp\/v2\/types\/product"}],"wp:attachment":[{"href":"https:\/\/amtest-group.com\/hu\/wp-json\/wp\/v2\/media?parent=2140"}],"wp:term":[{"taxonomy":"category","embeddable":true,"href":"https:\/\/amtest-group.com\/hu\/wp-json\/wp\/v2\/categories?post=2140"}],"curies":[{"name":"wp","href":"https:\/\/api.w.org\/{rel}","templated":true}]}}