{"id":2110,"date":"2023-04-19T12:07:30","date_gmt":"2023-04-19T10:07:30","guid":{"rendered":"https:\/\/amtest.virtus3-projekti.com\/product\/autotronik-2\/"},"modified":"2023-05-25T12:30:46","modified_gmt":"2023-05-25T10:30:46","slug":"autotronik-2","status":"publish","type":"product","link":"https:\/\/amtest-group.com\/hu\/product\/autotronik-2\/","title":{"rendered":"Autotronik"},"content":{"rendered":"<p>Az <strong>Autotronik<\/strong> egy glob\u00e1lis v\u00e1llalat, mintegy 200 alkalmazottal. Kis- \u00e9s k\u00f6zepes sorozat\u00fa pick and place g\u00e9pek, valamint komplett SMD gy\u00e1rt\u00f3sorok specialist\u00e1ja.<\/p>\n<p>Glob\u00e1lis elk\u00f6telezetts\u00e9ge lehet\u0151v\u00e9 teszi sz\u00e1mukra, hogy a legjobb \u00f6sszetev\u0151ket egy kiv\u00e1l\u00f3 term\u00e9kk\u00e9 egyes\u00edts\u00e9k.<\/p>\n","protected":false},"excerpt":{"rendered":"<p>Az Autotronik egy glob\u00e1lis v\u00e1llalat, mintegy 200 alkalmazottal. Kis- \u00e9s k\u00f6zepes sorozat\u00fa pick and place g\u00e9pek, valamint komplett SMD gy\u00e1rt\u00f3sorok specialist\u00e1ja. Glob\u00e1lis elk\u00f6telezetts\u00e9ge lehet\u0151v\u00e9 teszi sz\u00e1mukra, hogy a legjobb \u00f6sszetev\u0151ket egy kiv\u00e1l\u00f3 term\u00e9kk\u00e9 egyes\u00edts\u00e9k.<\/p>\n","protected":false},"featured_media":0,"parent":0,"menu_order":0,"template":"template-product.php","meta":{"_uf_show_specific_survey":0,"_uf_disable_surveys":false},"categories":[152],"class_list":["post-2110","product","type-product","status-publish","hentry","category-pick-place-hu"],"aioseo_notices":[],"_links":{"self":[{"href":"https:\/\/amtest-group.com\/hu\/wp-json\/wp\/v2\/product\/2110","targetHints":{"allow":["GET"]}}],"collection":[{"href":"https:\/\/amtest-group.com\/hu\/wp-json\/wp\/v2\/product"}],"about":[{"href":"https:\/\/amtest-group.com\/hu\/wp-json\/wp\/v2\/types\/product"}],"wp:attachment":[{"href":"https:\/\/amtest-group.com\/hu\/wp-json\/wp\/v2\/media?parent=2110"}],"wp:term":[{"taxonomy":"category","embeddable":true,"href":"https:\/\/amtest-group.com\/hu\/wp-json\/wp\/v2\/categories?post=2110"}],"curies":[{"name":"wp","href":"https:\/\/api.w.org\/{rel}","templated":true}]}}